{"id":503,"date":"2020-08-26T10:54:31","date_gmt":"2020-08-26T10:54:31","guid":{"rendered":"https:\/\/intralemans.com\/?post_type=product&#038;p=503"},"modified":"2020-10-12T16:50:30","modified_gmt":"2020-10-12T16:50:30","slug":"klinkar-champu-concentrado","status":"publish","type":"product","link":"https:\/\/intralemans.com\/en\/product\/klinkar-champu-concentrado\/","title":{"rendered":"KLINKAR Concentrated Shampoo"},"content":{"rendered":"<p>La calidad de los productos KLINKAR est\u00e1 garantizada debido a que en todo el proceso de fabricaci\u00f3n de nuestras ceras utilizamos la CARNAUBA que es una materia prima natural importada desde Brasil y es utilizada por las mejores fabricas de ceras del mundo que hacen productos de calidad para el embellecimiento del autom\u00f3vil.<\/p>\n<p>Nuestro exclusivo Champ\u00fa Concentrado es econ\u00f3mico y rendidor: un frasco rinde 20 o m\u00e1s lavadas.<\/p>\n<p>Remueve los sucios m\u00e1s dif\u00edciles: mugre, resina de \u00e1rboles, brea, heces de aves, etc.<\/p>\n<p>Su exclusiva f\u00f3rmula con pH nuetro no afecta el encerado ni maltrata la pintura, pudiendo emplearse en cromos, fibra de vidrio, aluminio y oros acabados exteriores de su auto.<\/p>","protected":false},"excerpt":{"rendered":"<p>Su exclusiva f\u00f3rmula con pH nuetro no afecta el encerado ni maltrata la pintura<\/p>","protected":false},"featured_media":1263,"template":"","meta":[],"product_brand":[],"product_cat":[45],"product_tag":[51],"class_list":{"0":"post-503","1":"product","2":"type-product","3":"status-publish","4":"has-post-thumbnail","6":"product_cat-cuidado-del-carro","7":"product_tag-klinkar","9":"first","10":"instock","11":"shipping-taxable","12":"product-type-simple"},"yoast_head":"<!-- This site is optimized with the Yoast SEO plugin v27.3 - https:\/\/yoast.com\/product\/yoast-seo-wordpress\/ -->\n<title>KLINKAR Champ\u00fa Concentrado - Intra Lemans Industries S.A.<\/title>\n<meta name=\"robots\" content=\"index, follow, max-snippet:-1, max-image-preview:large, max-video-preview:-1\" \/>\n<link rel=\"canonical\" href=\"https:\/\/intralemans.com\/en\/product\/klinkar-champu-concentrado\/\" \/>\n<meta property=\"og:locale\" content=\"en_US\" \/>\n<meta property=\"og:type\" content=\"article\" \/>\n<meta property=\"og:title\" content=\"KLINKAR Champ\u00fa Concentrado - Intra Lemans Industries S.A.\" \/>\n<meta property=\"og:description\" content=\"Su exclusiva f\u00f3rmula con pH nuetro no afecta el encerado ni maltrata la pintura\" \/>\n<meta property=\"og:url\" content=\"https:\/\/intralemans.com\/en\/product\/klinkar-champu-concentrado\/\" \/>\n<meta property=\"og:site_name\" content=\"Intra Lemans Industries S.A.\" \/>\n<meta property=\"article:modified_time\" content=\"2020-10-12T16:50:30+00:00\" \/>\n<meta property=\"og:image\" content=\"https:\/\/intralemans.com\/wp-content\/uploads\/2020\/08\/111.png\" \/>\n\t<meta property=\"og:image:width\" content=\"800\" \/>\n\t<meta property=\"og:image:height\" content=\"800\" \/>\n\t<meta property=\"og:image:type\" content=\"image\/png\" \/>\n<meta name=\"twitter:card\" content=\"summary_large_image\" \/>\n<meta name=\"twitter:label1\" content=\"Est. reading time\" \/>\n\t<meta name=\"twitter:data1\" content=\"1 minute\" \/>\n<script type=\"application\/ld+json\" class=\"yoast-schema-graph\">{\"@context\":\"https:\\\/\\\/schema.org\",\"@graph\":[{\"@type\":\"WebPage\",\"@id\":\"https:\\\/\\\/intralemans.com\\\/producto\\\/klinkar-champu-concentrado\",\"url\":\"https:\\\/\\\/intralemans.com\\\/producto\\\/klinkar-champu-concentrado\",\"name\":\"KLINKAR Champ\u00fa Concentrado - Intra Lemans Industries S.A.\",\"isPartOf\":{\"@id\":\"https:\\\/\\\/intralemans.com\\\/#website\"},\"primaryImageOfPage\":{\"@id\":\"https:\\\/\\\/intralemans.com\\\/producto\\\/klinkar-champu-concentrado#primaryimage\"},\"image\":{\"@id\":\"https:\\\/\\\/intralemans.com\\\/producto\\\/klinkar-champu-concentrado#primaryimage\"},\"thumbnailUrl\":\"https:\\\/\\\/intralemans.com\\\/wp-content\\\/uploads\\\/2020\\\/08\\\/111.png\",\"datePublished\":\"2020-08-26T10:54:31+00:00\",\"dateModified\":\"2020-10-12T16:50:30+00:00\",\"breadcrumb\":{\"@id\":\"https:\\\/\\\/intralemans.com\\\/producto\\\/klinkar-champu-concentrado#breadcrumb\"},\"inLanguage\":\"en-US\",\"potentialAction\":[{\"@type\":\"ReadAction\",\"target\":[\"https:\\\/\\\/intralemans.com\\\/producto\\\/klinkar-champu-concentrado\"]}]},{\"@type\":\"ImageObject\",\"inLanguage\":\"en-US\",\"@id\":\"https:\\\/\\\/intralemans.com\\\/producto\\\/klinkar-champu-concentrado#primaryimage\",\"url\":\"https:\\\/\\\/intralemans.com\\\/wp-content\\\/uploads\\\/2020\\\/08\\\/111.png\",\"contentUrl\":\"https:\\\/\\\/intralemans.com\\\/wp-content\\\/uploads\\\/2020\\\/08\\\/111.png\",\"width\":800,\"height\":800},{\"@type\":\"BreadcrumbList\",\"@id\":\"https:\\\/\\\/intralemans.com\\\/producto\\\/klinkar-champu-concentrado#breadcrumb\",\"itemListElement\":[{\"@type\":\"ListItem\",\"position\":1,\"name\":\"Portada\",\"item\":\"https:\\\/\\\/intralemans.com\\\/\"},{\"@type\":\"ListItem\",\"position\":2,\"name\":\"Productos\",\"item\":\"https:\\\/\\\/intralemans.com\\\/productos\\\/\"},{\"@type\":\"ListItem\",\"position\":3,\"name\":\"KLINKAR Champ\u00fa Concentrado\"}]},{\"@type\":\"WebSite\",\"@id\":\"https:\\\/\\\/intralemans.com\\\/#website\",\"url\":\"https:\\\/\\\/intralemans.com\\\/\",\"name\":\"Intra Lemans Industries S.A.\",\"description\":\"Intra Lemans Industries S.A.\",\"publisher\":{\"@id\":\"https:\\\/\\\/intralemans.com\\\/#organization\"},\"potentialAction\":[{\"@type\":\"SearchAction\",\"target\":{\"@type\":\"EntryPoint\",\"urlTemplate\":\"https:\\\/\\\/intralemans.com\\\/?s={search_term_string}\"},\"query-input\":{\"@type\":\"PropertyValueSpecification\",\"valueRequired\":true,\"valueName\":\"search_term_string\"}}],\"inLanguage\":\"en-US\"},{\"@type\":\"Organization\",\"@id\":\"https:\\\/\\\/intralemans.com\\\/#organization\",\"name\":\"Intra Lemans Industries S.A.\",\"url\":\"https:\\\/\\\/intralemans.com\\\/\",\"logo\":{\"@type\":\"ImageObject\",\"inLanguage\":\"en-US\",\"@id\":\"https:\\\/\\\/intralemans.com\\\/#\\\/schema\\\/logo\\\/image\\\/\",\"url\":\"https:\\\/\\\/intralemans.com\\\/wp-content\\\/uploads\\\/2020\\\/08\\\/cropped-Logo-Intra-Lemans-v1.png\",\"contentUrl\":\"https:\\\/\\\/intralemans.com\\\/wp-content\\\/uploads\\\/2020\\\/08\\\/cropped-Logo-Intra-Lemans-v1.png\",\"width\":223,\"height\":112,\"caption\":\"Intra Lemans Industries S.A.\"},\"image\":{\"@id\":\"https:\\\/\\\/intralemans.com\\\/#\\\/schema\\\/logo\\\/image\\\/\"}}]}<\/script>\n<!-- \/ Yoast SEO plugin. -->","yoast_head_json":{"title":"KLINKAR Champ\u00fa Concentrado - Intra Lemans Industries S.A.","robots":{"index":"index","follow":"follow","max-snippet":"max-snippet:-1","max-image-preview":"max-image-preview:large","max-video-preview":"max-video-preview:-1"},"canonical":"https:\/\/intralemans.com\/en\/product\/klinkar-champu-concentrado\/","og_locale":"en_US","og_type":"article","og_title":"KLINKAR Champ\u00fa Concentrado - Intra Lemans Industries S.A.","og_description":"Su exclusiva f\u00f3rmula con pH nuetro no afecta el encerado ni maltrata la pintura","og_url":"https:\/\/intralemans.com\/en\/product\/klinkar-champu-concentrado\/","og_site_name":"Intra Lemans Industries S.A.","article_modified_time":"2020-10-12T16:50:30+00:00","og_image":[{"width":800,"height":800,"url":"https:\/\/intralemans.com\/wp-content\/uploads\/2020\/08\/111.png","type":"image\/png"}],"twitter_card":"summary_large_image","twitter_misc":{"Est. reading time":"1 minute"},"schema":{"@context":"https:\/\/schema.org","@graph":[{"@type":"WebPage","@id":"https:\/\/intralemans.com\/producto\/klinkar-champu-concentrado","url":"https:\/\/intralemans.com\/producto\/klinkar-champu-concentrado","name":"KLINKAR Champ\u00fa Concentrado - Intra Lemans Industries S.A.","isPartOf":{"@id":"https:\/\/intralemans.com\/#website"},"primaryImageOfPage":{"@id":"https:\/\/intralemans.com\/producto\/klinkar-champu-concentrado#primaryimage"},"image":{"@id":"https:\/\/intralemans.com\/producto\/klinkar-champu-concentrado#primaryimage"},"thumbnailUrl":"https:\/\/intralemans.com\/wp-content\/uploads\/2020\/08\/111.png","datePublished":"2020-08-26T10:54:31+00:00","dateModified":"2020-10-12T16:50:30+00:00","breadcrumb":{"@id":"https:\/\/intralemans.com\/producto\/klinkar-champu-concentrado#breadcrumb"},"inLanguage":"en-US","potentialAction":[{"@type":"ReadAction","target":["https:\/\/intralemans.com\/producto\/klinkar-champu-concentrado"]}]},{"@type":"ImageObject","inLanguage":"en-US","@id":"https:\/\/intralemans.com\/producto\/klinkar-champu-concentrado#primaryimage","url":"https:\/\/intralemans.com\/wp-content\/uploads\/2020\/08\/111.png","contentUrl":"https:\/\/intralemans.com\/wp-content\/uploads\/2020\/08\/111.png","width":800,"height":800},{"@type":"BreadcrumbList","@id":"https:\/\/intralemans.com\/producto\/klinkar-champu-concentrado#breadcrumb","itemListElement":[{"@type":"ListItem","position":1,"name":"Portada","item":"https:\/\/intralemans.com\/"},{"@type":"ListItem","position":2,"name":"Productos","item":"https:\/\/intralemans.com\/productos\/"},{"@type":"ListItem","position":3,"name":"KLINKAR Champ\u00fa Concentrado"}]},{"@type":"WebSite","@id":"https:\/\/intralemans.com\/#website","url":"https:\/\/intralemans.com\/","name":"Intra Lemans Industries S.A.","description":"Intra Lemans Industries S.A.","publisher":{"@id":"https:\/\/intralemans.com\/#organization"},"potentialAction":[{"@type":"SearchAction","target":{"@type":"EntryPoint","urlTemplate":"https:\/\/intralemans.com\/?s={search_term_string}"},"query-input":{"@type":"PropertyValueSpecification","valueRequired":true,"valueName":"search_term_string"}}],"inLanguage":"en-US"},{"@type":"Organization","@id":"https:\/\/intralemans.com\/#organization","name":"Intra Lemans Industries S.A.","url":"https:\/\/intralemans.com\/","logo":{"@type":"ImageObject","inLanguage":"en-US","@id":"https:\/\/intralemans.com\/#\/schema\/logo\/image\/","url":"https:\/\/intralemans.com\/wp-content\/uploads\/2020\/08\/cropped-Logo-Intra-Lemans-v1.png","contentUrl":"https:\/\/intralemans.com\/wp-content\/uploads\/2020\/08\/cropped-Logo-Intra-Lemans-v1.png","width":223,"height":112,"caption":"Intra Lemans Industries S.A."},"image":{"@id":"https:\/\/intralemans.com\/#\/schema\/logo\/image\/"}}]}},"_links":{"self":[{"href":"https:\/\/intralemans.com\/en\/wp-json\/wp\/v2\/product\/503","targetHints":{"allow":["GET"]}}],"collection":[{"href":"https:\/\/intralemans.com\/en\/wp-json\/wp\/v2\/product"}],"about":[{"href":"https:\/\/intralemans.com\/en\/wp-json\/wp\/v2\/types\/product"}],"version-history":[{"count":0,"href":"https:\/\/intralemans.com\/en\/wp-json\/wp\/v2\/product\/503\/revisions"}],"wp:featuredmedia":[{"embeddable":true,"href":"https:\/\/intralemans.com\/en\/wp-json\/wp\/v2\/media\/1263"}],"wp:attachment":[{"href":"https:\/\/intralemans.com\/en\/wp-json\/wp\/v2\/media?parent=503"}],"wp:term":[{"taxonomy":"product_brand","embeddable":true,"href":"https:\/\/intralemans.com\/en\/wp-json\/wp\/v2\/product_brand?post=503"},{"taxonomy":"product_cat","embeddable":true,"href":"https:\/\/intralemans.com\/en\/wp-json\/wp\/v2\/product_cat?post=503"},{"taxonomy":"product_tag","embeddable":true,"href":"https:\/\/intralemans.com\/en\/wp-json\/wp\/v2\/product_tag?post=503"}],"curies":[{"name":"wp","href":"https:\/\/api.w.org\/{rel}","templated":true}]}}