{"id":487,"date":"2020-08-26T00:41:02","date_gmt":"2020-08-26T00:41:02","guid":{"rendered":"https:\/\/intralemans.com\/?post_type=product&#038;p=487"},"modified":"2020-10-12T16:52:00","modified_gmt":"2020-10-12T16:52:00","slug":"klinhome-elegance-spicy","status":"publish","type":"product","link":"https:\/\/intralemans.com\/en\/product\/klinhome-elegance-spicy\/","title":{"rendered":"KLINHOME Elegance Spicy"},"content":{"rendered":"<p>The perfect combination of apple and cinnamon offer you a fall fragrance that will harmonize every corner of your home.<\/p>\n<p>KLINHOME Air Fresheners have four benefits:<\/p>\n<ul>\n<li>Eliminate bad smells<\/li>\n<li>Long-lasting fragrance<\/li>\n<li>Instant action<\/li>\n<li>Delicate scents<\/li>\n<\/ul>\n<p>&nbsp;<\/p>\n<p style=\"text-align: center;\"><iframe loading=\"lazy\" src=\"https:\/\/www.youtube.com\/embed\/6T1rFP8Q1Gk\" width=\"560\" height=\"315\" frameborder=\"0\" allowfullscreen=\"allowfullscreen\"><\/iframe><\/p>","protected":false},"excerpt":{"rendered":"<p>The perfect combination of apple and cinnamon offer you a fall fragrance that will harmonize every corner of your home.<\/p>","protected":false},"featured_media":1236,"template":"","meta":[],"product_brand":[],"product_cat":[41],"product_tag":[52],"class_list":{"0":"post-487","1":"product","2":"type-product","3":"status-publish","4":"has-post-thumbnail","6":"product_cat-ambientadores","7":"product_tag-klinhome","9":"first","10":"instock","11":"shipping-taxable","12":"product-type-simple"},"yoast_head":"<!-- This site is optimized with the Yoast SEO plugin v27.3 - https:\/\/yoast.com\/product\/yoast-seo-wordpress\/ -->\n<title>KLINHOME Elegance Spicy - Intra Lemans Industries S.A.<\/title>\n<meta name=\"robots\" content=\"index, follow, max-snippet:-1, max-image-preview:large, max-video-preview:-1\" \/>\n<link rel=\"canonical\" href=\"https:\/\/intralemans.com\/en\/product\/klinhome-elegance-spicy\/\" \/>\n<meta property=\"og:locale\" content=\"en_US\" \/>\n<meta property=\"og:type\" content=\"article\" \/>\n<meta property=\"og:title\" content=\"KLINHOME Elegance Spicy - Intra Lemans Industries S.A.\" \/>\n<meta property=\"og:description\" content=\"La perfecta combinaci\u00f3n de manzana y canela te ofrecen una fragancia de oto\u00f1o que armonizar\u00e1 cada rinc\u00f3n del hogar.\" \/>\n<meta property=\"og:url\" content=\"https:\/\/intralemans.com\/en\/product\/klinhome-elegance-spicy\/\" \/>\n<meta property=\"og:site_name\" content=\"Intra Lemans Industries S.A.\" \/>\n<meta property=\"article:modified_time\" content=\"2020-10-12T16:52:00+00:00\" \/>\n<meta property=\"og:image\" content=\"https:\/\/intralemans.com\/wp-content\/uploads\/2020\/08\/KlinHomeEleganceSpicy-e1601418912386.png\" \/>\n\t<meta property=\"og:image:width\" content=\"800\" \/>\n\t<meta property=\"og:image:height\" content=\"800\" \/>\n\t<meta property=\"og:image:type\" content=\"image\/png\" \/>\n<meta name=\"twitter:card\" content=\"summary_large_image\" \/>\n<script type=\"application\/ld+json\" class=\"yoast-schema-graph\">{\"@context\":\"https:\\\/\\\/schema.org\",\"@graph\":[{\"@type\":\"WebPage\",\"@id\":\"https:\\\/\\\/intralemans.com\\\/producto\\\/klinhome-elegance-spicy\",\"url\":\"https:\\\/\\\/intralemans.com\\\/producto\\\/klinhome-elegance-spicy\",\"name\":\"KLINHOME Elegance Spicy - Intra Lemans Industries S.A.\",\"isPartOf\":{\"@id\":\"https:\\\/\\\/intralemans.com\\\/#website\"},\"primaryImageOfPage\":{\"@id\":\"https:\\\/\\\/intralemans.com\\\/producto\\\/klinhome-elegance-spicy#primaryimage\"},\"image\":{\"@id\":\"https:\\\/\\\/intralemans.com\\\/producto\\\/klinhome-elegance-spicy#primaryimage\"},\"thumbnailUrl\":\"https:\\\/\\\/intralemans.com\\\/wp-content\\\/uploads\\\/2020\\\/08\\\/KlinHomeEleganceSpicy-e1601418912386.png\",\"datePublished\":\"2020-08-26T00:41:02+00:00\",\"dateModified\":\"2020-10-12T16:52:00+00:00\",\"breadcrumb\":{\"@id\":\"https:\\\/\\\/intralemans.com\\\/producto\\\/klinhome-elegance-spicy#breadcrumb\"},\"inLanguage\":\"en-US\",\"potentialAction\":[{\"@type\":\"ReadAction\",\"target\":[\"https:\\\/\\\/intralemans.com\\\/producto\\\/klinhome-elegance-spicy\"]}]},{\"@type\":\"ImageObject\",\"inLanguage\":\"en-US\",\"@id\":\"https:\\\/\\\/intralemans.com\\\/producto\\\/klinhome-elegance-spicy#primaryimage\",\"url\":\"https:\\\/\\\/intralemans.com\\\/wp-content\\\/uploads\\\/2020\\\/08\\\/KlinHomeEleganceSpicy-e1601418912386.png\",\"contentUrl\":\"https:\\\/\\\/intralemans.com\\\/wp-content\\\/uploads\\\/2020\\\/08\\\/KlinHomeEleganceSpicy-e1601418912386.png\",\"width\":800,\"height\":800},{\"@type\":\"BreadcrumbList\",\"@id\":\"https:\\\/\\\/intralemans.com\\\/producto\\\/klinhome-elegance-spicy#breadcrumb\",\"itemListElement\":[{\"@type\":\"ListItem\",\"position\":1,\"name\":\"Portada\",\"item\":\"https:\\\/\\\/intralemans.com\\\/\"},{\"@type\":\"ListItem\",\"position\":2,\"name\":\"Productos\",\"item\":\"https:\\\/\\\/intralemans.com\\\/productos\\\/\"},{\"@type\":\"ListItem\",\"position\":3,\"name\":\"KLINHOME Elegance Spicy\"}]},{\"@type\":\"WebSite\",\"@id\":\"https:\\\/\\\/intralemans.com\\\/#website\",\"url\":\"https:\\\/\\\/intralemans.com\\\/\",\"name\":\"Intra Lemans Industries S.A.\",\"description\":\"Intra Lemans Industries S.A.\",\"publisher\":{\"@id\":\"https:\\\/\\\/intralemans.com\\\/#organization\"},\"potentialAction\":[{\"@type\":\"SearchAction\",\"target\":{\"@type\":\"EntryPoint\",\"urlTemplate\":\"https:\\\/\\\/intralemans.com\\\/?s={search_term_string}\"},\"query-input\":{\"@type\":\"PropertyValueSpecification\",\"valueRequired\":true,\"valueName\":\"search_term_string\"}}],\"inLanguage\":\"en-US\"},{\"@type\":\"Organization\",\"@id\":\"https:\\\/\\\/intralemans.com\\\/#organization\",\"name\":\"Intra Lemans Industries S.A.\",\"url\":\"https:\\\/\\\/intralemans.com\\\/\",\"logo\":{\"@type\":\"ImageObject\",\"inLanguage\":\"en-US\",\"@id\":\"https:\\\/\\\/intralemans.com\\\/#\\\/schema\\\/logo\\\/image\\\/\",\"url\":\"https:\\\/\\\/intralemans.com\\\/wp-content\\\/uploads\\\/2020\\\/08\\\/cropped-Logo-Intra-Lemans-v1.png\",\"contentUrl\":\"https:\\\/\\\/intralemans.com\\\/wp-content\\\/uploads\\\/2020\\\/08\\\/cropped-Logo-Intra-Lemans-v1.png\",\"width\":223,\"height\":112,\"caption\":\"Intra Lemans Industries S.A.\"},\"image\":{\"@id\":\"https:\\\/\\\/intralemans.com\\\/#\\\/schema\\\/logo\\\/image\\\/\"}}]}<\/script>\n<!-- \/ Yoast SEO plugin. -->","yoast_head_json":{"title":"KLINHOME Elegance Spicy - Intra Lemans Industries S.A.","robots":{"index":"index","follow":"follow","max-snippet":"max-snippet:-1","max-image-preview":"max-image-preview:large","max-video-preview":"max-video-preview:-1"},"canonical":"https:\/\/intralemans.com\/en\/product\/klinhome-elegance-spicy\/","og_locale":"en_US","og_type":"article","og_title":"KLINHOME Elegance Spicy - Intra Lemans Industries S.A.","og_description":"La perfecta combinaci\u00f3n de manzana y canela te ofrecen una fragancia de oto\u00f1o que armonizar\u00e1 cada rinc\u00f3n del hogar.","og_url":"https:\/\/intralemans.com\/en\/product\/klinhome-elegance-spicy\/","og_site_name":"Intra Lemans Industries S.A.","article_modified_time":"2020-10-12T16:52:00+00:00","og_image":[{"width":800,"height":800,"url":"https:\/\/intralemans.com\/wp-content\/uploads\/2020\/08\/KlinHomeEleganceSpicy-e1601418912386.png","type":"image\/png"}],"twitter_card":"summary_large_image","schema":{"@context":"https:\/\/schema.org","@graph":[{"@type":"WebPage","@id":"https:\/\/intralemans.com\/producto\/klinhome-elegance-spicy","url":"https:\/\/intralemans.com\/producto\/klinhome-elegance-spicy","name":"KLINHOME Elegance Spicy - Intra Lemans Industries S.A.","isPartOf":{"@id":"https:\/\/intralemans.com\/#website"},"primaryImageOfPage":{"@id":"https:\/\/intralemans.com\/producto\/klinhome-elegance-spicy#primaryimage"},"image":{"@id":"https:\/\/intralemans.com\/producto\/klinhome-elegance-spicy#primaryimage"},"thumbnailUrl":"https:\/\/intralemans.com\/wp-content\/uploads\/2020\/08\/KlinHomeEleganceSpicy-e1601418912386.png","datePublished":"2020-08-26T00:41:02+00:00","dateModified":"2020-10-12T16:52:00+00:00","breadcrumb":{"@id":"https:\/\/intralemans.com\/producto\/klinhome-elegance-spicy#breadcrumb"},"inLanguage":"en-US","potentialAction":[{"@type":"ReadAction","target":["https:\/\/intralemans.com\/producto\/klinhome-elegance-spicy"]}]},{"@type":"ImageObject","inLanguage":"en-US","@id":"https:\/\/intralemans.com\/producto\/klinhome-elegance-spicy#primaryimage","url":"https:\/\/intralemans.com\/wp-content\/uploads\/2020\/08\/KlinHomeEleganceSpicy-e1601418912386.png","contentUrl":"https:\/\/intralemans.com\/wp-content\/uploads\/2020\/08\/KlinHomeEleganceSpicy-e1601418912386.png","width":800,"height":800},{"@type":"BreadcrumbList","@id":"https:\/\/intralemans.com\/producto\/klinhome-elegance-spicy#breadcrumb","itemListElement":[{"@type":"ListItem","position":1,"name":"Portada","item":"https:\/\/intralemans.com\/"},{"@type":"ListItem","position":2,"name":"Productos","item":"https:\/\/intralemans.com\/productos\/"},{"@type":"ListItem","position":3,"name":"KLINHOME Elegance Spicy"}]},{"@type":"WebSite","@id":"https:\/\/intralemans.com\/#website","url":"https:\/\/intralemans.com\/","name":"Intra Lemans Industries S.A.","description":"Intra Lemans Industries S.A.","publisher":{"@id":"https:\/\/intralemans.com\/#organization"},"potentialAction":[{"@type":"SearchAction","target":{"@type":"EntryPoint","urlTemplate":"https:\/\/intralemans.com\/?s={search_term_string}"},"query-input":{"@type":"PropertyValueSpecification","valueRequired":true,"valueName":"search_term_string"}}],"inLanguage":"en-US"},{"@type":"Organization","@id":"https:\/\/intralemans.com\/#organization","name":"Intra Lemans Industries S.A.","url":"https:\/\/intralemans.com\/","logo":{"@type":"ImageObject","inLanguage":"en-US","@id":"https:\/\/intralemans.com\/#\/schema\/logo\/image\/","url":"https:\/\/intralemans.com\/wp-content\/uploads\/2020\/08\/cropped-Logo-Intra-Lemans-v1.png","contentUrl":"https:\/\/intralemans.com\/wp-content\/uploads\/2020\/08\/cropped-Logo-Intra-Lemans-v1.png","width":223,"height":112,"caption":"Intra Lemans Industries S.A."},"image":{"@id":"https:\/\/intralemans.com\/#\/schema\/logo\/image\/"}}]}},"_links":{"self":[{"href":"https:\/\/intralemans.com\/en\/wp-json\/wp\/v2\/product\/487","targetHints":{"allow":["GET"]}}],"collection":[{"href":"https:\/\/intralemans.com\/en\/wp-json\/wp\/v2\/product"}],"about":[{"href":"https:\/\/intralemans.com\/en\/wp-json\/wp\/v2\/types\/product"}],"version-history":[{"count":0,"href":"https:\/\/intralemans.com\/en\/wp-json\/wp\/v2\/product\/487\/revisions"}],"wp:featuredmedia":[{"embeddable":true,"href":"https:\/\/intralemans.com\/en\/wp-json\/wp\/v2\/media\/1236"}],"wp:attachment":[{"href":"https:\/\/intralemans.com\/en\/wp-json\/wp\/v2\/media?parent=487"}],"wp:term":[{"taxonomy":"product_brand","embeddable":true,"href":"https:\/\/intralemans.com\/en\/wp-json\/wp\/v2\/product_brand?post=487"},{"taxonomy":"product_cat","embeddable":true,"href":"https:\/\/intralemans.com\/en\/wp-json\/wp\/v2\/product_cat?post=487"},{"taxonomy":"product_tag","embeddable":true,"href":"https:\/\/intralemans.com\/en\/wp-json\/wp\/v2\/product_tag?post=487"}],"curies":[{"name":"wp","href":"https:\/\/api.w.org\/{rel}","templated":true}]}}