{"id":1618,"date":"2024-05-08T20:43:21","date_gmt":"2024-05-08T20:43:21","guid":{"rendered":"https:\/\/intralemans.com\/?post_type=product&#038;p=1618"},"modified":"2024-05-08T20:57:22","modified_gmt":"2024-05-08T20:57:22","slug":"seall-high-strength-threadlocker-ax62","status":"publish","type":"product","link":"https:\/\/intralemans.com\/en\/product\/seall-high-strength-threadlocker-ax62\/","title":{"rendered":"SEALL High strength Threadlocker AX62"},"content":{"rendered":"<ul>\n<li>Producto permanente de alta resistencia que se aplica a sujetadores de 3\/8&#8243; a 1&#8243; (10 mm a 25 mm)<\/li>\n<li>Dise\u00f1ado para asegurar piezas que deben soportar fuertes golpes, vibraciones o condiciones qu\u00edmicas o ambientales extremas.<\/li>\n<li>Protege las roscas del \u00f3xido y la corrosi\u00f3n.<\/li>\n<li>Aplicaci\u00f3n sugerida: Ensamblaje con herramientas neum\u00e1ticas, herramientas para bloques de cilindros, pernos de corona y pernos de eje de transmisi\u00f3n<\/li>\n<\/ul>","protected":false},"excerpt":{"rendered":"<p>Producto permanente de alta resistencia que se aplica a sujetadores de 3\/8&#8243; a 1&#8243; (10 mm a 25 mm) Dise\u00f1ado para asegurar piezas que deben soportar fuertes golpes, vibraciones o condiciones qu\u00edmicas o ambientales extremas. Protege las roscas del \u00f3xido y la corrosi\u00f3n. Aplicaci\u00f3n sugerida: Ensamblaje con herramientas neum\u00e1ticas, herramientas para bloques de cilindros, pernos [&hellip;]<\/p>\n","protected":false},"featured_media":1619,"template":"","meta":[],"product_brand":[],"product_cat":[44],"product_tag":[54],"class_list":{"0":"post-1618","1":"product","2":"type-product","3":"status-publish","4":"has-post-thumbnail","6":"product_cat-sellante","7":"product_tag-seall","9":"first","10":"instock","11":"shipping-taxable","12":"product-type-simple"},"yoast_head":"<!-- This site is optimized with the Yoast SEO plugin v27.3 - https:\/\/yoast.com\/product\/yoast-seo-wordpress\/ -->\n<title>SEALL High strength Threadlocker AX62 - Intra Lemans Industries S.A.<\/title>\n<meta name=\"robots\" content=\"index, follow, max-snippet:-1, max-image-preview:large, max-video-preview:-1\" \/>\n<link rel=\"canonical\" href=\"https:\/\/intralemans.com\/en\/product\/seall-high-strength-threadlocker-ax62\/\" \/>\n<meta property=\"og:locale\" content=\"en_US\" \/>\n<meta property=\"og:type\" content=\"article\" \/>\n<meta property=\"og:title\" content=\"SEALL High strength Threadlocker AX62 - Intra Lemans Industries S.A.\" \/>\n<meta property=\"og:description\" content=\"Producto permanente de alta resistencia que se aplica a sujetadores de 3\/8&#8243; a 1&#8243; (10 mm a 25 mm) Dise\u00f1ado para asegurar piezas que deben soportar fuertes golpes, vibraciones o condiciones qu\u00edmicas o ambientales extremas. Protege las roscas del \u00f3xido y la corrosi\u00f3n. Aplicaci\u00f3n sugerida: Ensamblaje con herramientas neum\u00e1ticas, herramientas para bloques de cilindros, pernos [&hellip;]\" \/>\n<meta property=\"og:url\" content=\"https:\/\/intralemans.com\/en\/product\/seall-high-strength-threadlocker-ax62\/\" \/>\n<meta property=\"og:site_name\" content=\"Intra Lemans Industries S.A.\" \/>\n<meta property=\"article:modified_time\" content=\"2024-05-08T20:57:22+00:00\" \/>\n<meta property=\"og:image\" content=\"https:\/\/intralemans.com\/wp-content\/uploads\/2024\/05\/Photoroom_20240508_154051.jpg\" \/>\n\t<meta property=\"og:image:width\" content=\"600\" \/>\n\t<meta property=\"og:image:height\" content=\"600\" \/>\n\t<meta property=\"og:image:type\" content=\"image\/jpeg\" \/>\n<meta name=\"twitter:card\" content=\"summary_large_image\" \/>\n<meta name=\"twitter:label1\" content=\"Est. reading time\" \/>\n\t<meta name=\"twitter:data1\" content=\"1 minute\" \/>\n<script type=\"application\/ld+json\" class=\"yoast-schema-graph\">{\"@context\":\"https:\\\/\\\/schema.org\",\"@graph\":[{\"@type\":\"WebPage\",\"@id\":\"https:\\\/\\\/intralemans.com\\\/producto\\\/seall-high-strength-threadlocker-ax62\",\"url\":\"https:\\\/\\\/intralemans.com\\\/producto\\\/seall-high-strength-threadlocker-ax62\",\"name\":\"SEALL High strength Threadlocker AX62 - Intra Lemans Industries S.A.\",\"isPartOf\":{\"@id\":\"https:\\\/\\\/intralemans.com\\\/#website\"},\"primaryImageOfPage\":{\"@id\":\"https:\\\/\\\/intralemans.com\\\/producto\\\/seall-high-strength-threadlocker-ax62#primaryimage\"},\"image\":{\"@id\":\"https:\\\/\\\/intralemans.com\\\/producto\\\/seall-high-strength-threadlocker-ax62#primaryimage\"},\"thumbnailUrl\":\"https:\\\/\\\/intralemans.com\\\/wp-content\\\/uploads\\\/2024\\\/05\\\/Photoroom_20240508_154051.jpg\",\"datePublished\":\"2024-05-08T20:43:21+00:00\",\"dateModified\":\"2024-05-08T20:57:22+00:00\",\"breadcrumb\":{\"@id\":\"https:\\\/\\\/intralemans.com\\\/producto\\\/seall-high-strength-threadlocker-ax62#breadcrumb\"},\"inLanguage\":\"en-US\",\"potentialAction\":[{\"@type\":\"ReadAction\",\"target\":[\"https:\\\/\\\/intralemans.com\\\/producto\\\/seall-high-strength-threadlocker-ax62\"]}]},{\"@type\":\"ImageObject\",\"inLanguage\":\"en-US\",\"@id\":\"https:\\\/\\\/intralemans.com\\\/producto\\\/seall-high-strength-threadlocker-ax62#primaryimage\",\"url\":\"https:\\\/\\\/intralemans.com\\\/wp-content\\\/uploads\\\/2024\\\/05\\\/Photoroom_20240508_154051.jpg\",\"contentUrl\":\"https:\\\/\\\/intralemans.com\\\/wp-content\\\/uploads\\\/2024\\\/05\\\/Photoroom_20240508_154051.jpg\",\"width\":600,\"height\":600},{\"@type\":\"BreadcrumbList\",\"@id\":\"https:\\\/\\\/intralemans.com\\\/producto\\\/seall-high-strength-threadlocker-ax62#breadcrumb\",\"itemListElement\":[{\"@type\":\"ListItem\",\"position\":1,\"name\":\"Portada\",\"item\":\"https:\\\/\\\/intralemans.com\\\/\"},{\"@type\":\"ListItem\",\"position\":2,\"name\":\"Productos\",\"item\":\"https:\\\/\\\/intralemans.com\\\/productos\\\/\"},{\"@type\":\"ListItem\",\"position\":3,\"name\":\"SEALL High strength Threadlocker AX62\"}]},{\"@type\":\"WebSite\",\"@id\":\"https:\\\/\\\/intralemans.com\\\/#website\",\"url\":\"https:\\\/\\\/intralemans.com\\\/\",\"name\":\"Intra Lemans Industries S.A.\",\"description\":\"Intra Lemans Industries S.A.\",\"publisher\":{\"@id\":\"https:\\\/\\\/intralemans.com\\\/#organization\"},\"potentialAction\":[{\"@type\":\"SearchAction\",\"target\":{\"@type\":\"EntryPoint\",\"urlTemplate\":\"https:\\\/\\\/intralemans.com\\\/?s={search_term_string}\"},\"query-input\":{\"@type\":\"PropertyValueSpecification\",\"valueRequired\":true,\"valueName\":\"search_term_string\"}}],\"inLanguage\":\"en-US\"},{\"@type\":\"Organization\",\"@id\":\"https:\\\/\\\/intralemans.com\\\/#organization\",\"name\":\"Intra Lemans Industries S.A.\",\"url\":\"https:\\\/\\\/intralemans.com\\\/\",\"logo\":{\"@type\":\"ImageObject\",\"inLanguage\":\"en-US\",\"@id\":\"https:\\\/\\\/intralemans.com\\\/#\\\/schema\\\/logo\\\/image\\\/\",\"url\":\"https:\\\/\\\/intralemans.com\\\/wp-content\\\/uploads\\\/2020\\\/08\\\/cropped-Logo-Intra-Lemans-v1.png\",\"contentUrl\":\"https:\\\/\\\/intralemans.com\\\/wp-content\\\/uploads\\\/2020\\\/08\\\/cropped-Logo-Intra-Lemans-v1.png\",\"width\":223,\"height\":112,\"caption\":\"Intra Lemans Industries S.A.\"},\"image\":{\"@id\":\"https:\\\/\\\/intralemans.com\\\/#\\\/schema\\\/logo\\\/image\\\/\"}}]}<\/script>\n<!-- \/ Yoast SEO plugin. -->","yoast_head_json":{"title":"SEALL High strength Threadlocker AX62 - Intra Lemans Industries S.A.","robots":{"index":"index","follow":"follow","max-snippet":"max-snippet:-1","max-image-preview":"max-image-preview:large","max-video-preview":"max-video-preview:-1"},"canonical":"https:\/\/intralemans.com\/en\/product\/seall-high-strength-threadlocker-ax62\/","og_locale":"en_US","og_type":"article","og_title":"SEALL High strength Threadlocker AX62 - Intra Lemans Industries S.A.","og_description":"Producto permanente de alta resistencia que se aplica a sujetadores de 3\/8&#8243; a 1&#8243; (10 mm a 25 mm) Dise\u00f1ado para asegurar piezas que deben soportar fuertes golpes, vibraciones o condiciones qu\u00edmicas o ambientales extremas. Protege las roscas del \u00f3xido y la corrosi\u00f3n. Aplicaci\u00f3n sugerida: Ensamblaje con herramientas neum\u00e1ticas, herramientas para bloques de cilindros, pernos [&hellip;]","og_url":"https:\/\/intralemans.com\/en\/product\/seall-high-strength-threadlocker-ax62\/","og_site_name":"Intra Lemans Industries S.A.","article_modified_time":"2024-05-08T20:57:22+00:00","og_image":[{"width":600,"height":600,"url":"https:\/\/intralemans.com\/wp-content\/uploads\/2024\/05\/Photoroom_20240508_154051.jpg","type":"image\/jpeg"}],"twitter_card":"summary_large_image","twitter_misc":{"Est. reading time":"1 minute"},"schema":{"@context":"https:\/\/schema.org","@graph":[{"@type":"WebPage","@id":"https:\/\/intralemans.com\/producto\/seall-high-strength-threadlocker-ax62","url":"https:\/\/intralemans.com\/producto\/seall-high-strength-threadlocker-ax62","name":"SEALL High strength Threadlocker AX62 - Intra Lemans Industries S.A.","isPartOf":{"@id":"https:\/\/intralemans.com\/#website"},"primaryImageOfPage":{"@id":"https:\/\/intralemans.com\/producto\/seall-high-strength-threadlocker-ax62#primaryimage"},"image":{"@id":"https:\/\/intralemans.com\/producto\/seall-high-strength-threadlocker-ax62#primaryimage"},"thumbnailUrl":"https:\/\/intralemans.com\/wp-content\/uploads\/2024\/05\/Photoroom_20240508_154051.jpg","datePublished":"2024-05-08T20:43:21+00:00","dateModified":"2024-05-08T20:57:22+00:00","breadcrumb":{"@id":"https:\/\/intralemans.com\/producto\/seall-high-strength-threadlocker-ax62#breadcrumb"},"inLanguage":"en-US","potentialAction":[{"@type":"ReadAction","target":["https:\/\/intralemans.com\/producto\/seall-high-strength-threadlocker-ax62"]}]},{"@type":"ImageObject","inLanguage":"en-US","@id":"https:\/\/intralemans.com\/producto\/seall-high-strength-threadlocker-ax62#primaryimage","url":"https:\/\/intralemans.com\/wp-content\/uploads\/2024\/05\/Photoroom_20240508_154051.jpg","contentUrl":"https:\/\/intralemans.com\/wp-content\/uploads\/2024\/05\/Photoroom_20240508_154051.jpg","width":600,"height":600},{"@type":"BreadcrumbList","@id":"https:\/\/intralemans.com\/producto\/seall-high-strength-threadlocker-ax62#breadcrumb","itemListElement":[{"@type":"ListItem","position":1,"name":"Portada","item":"https:\/\/intralemans.com\/"},{"@type":"ListItem","position":2,"name":"Productos","item":"https:\/\/intralemans.com\/productos\/"},{"@type":"ListItem","position":3,"name":"SEALL High strength Threadlocker AX62"}]},{"@type":"WebSite","@id":"https:\/\/intralemans.com\/#website","url":"https:\/\/intralemans.com\/","name":"Intra Lemans Industries S.A.","description":"Intra Lemans Industries S.A.","publisher":{"@id":"https:\/\/intralemans.com\/#organization"},"potentialAction":[{"@type":"SearchAction","target":{"@type":"EntryPoint","urlTemplate":"https:\/\/intralemans.com\/?s={search_term_string}"},"query-input":{"@type":"PropertyValueSpecification","valueRequired":true,"valueName":"search_term_string"}}],"inLanguage":"en-US"},{"@type":"Organization","@id":"https:\/\/intralemans.com\/#organization","name":"Intra Lemans Industries S.A.","url":"https:\/\/intralemans.com\/","logo":{"@type":"ImageObject","inLanguage":"en-US","@id":"https:\/\/intralemans.com\/#\/schema\/logo\/image\/","url":"https:\/\/intralemans.com\/wp-content\/uploads\/2020\/08\/cropped-Logo-Intra-Lemans-v1.png","contentUrl":"https:\/\/intralemans.com\/wp-content\/uploads\/2020\/08\/cropped-Logo-Intra-Lemans-v1.png","width":223,"height":112,"caption":"Intra Lemans Industries S.A."},"image":{"@id":"https:\/\/intralemans.com\/#\/schema\/logo\/image\/"}}]}},"_links":{"self":[{"href":"https:\/\/intralemans.com\/en\/wp-json\/wp\/v2\/product\/1618","targetHints":{"allow":["GET"]}}],"collection":[{"href":"https:\/\/intralemans.com\/en\/wp-json\/wp\/v2\/product"}],"about":[{"href":"https:\/\/intralemans.com\/en\/wp-json\/wp\/v2\/types\/product"}],"version-history":[{"count":0,"href":"https:\/\/intralemans.com\/en\/wp-json\/wp\/v2\/product\/1618\/revisions"}],"wp:featuredmedia":[{"embeddable":true,"href":"https:\/\/intralemans.com\/en\/wp-json\/wp\/v2\/media\/1619"}],"wp:attachment":[{"href":"https:\/\/intralemans.com\/en\/wp-json\/wp\/v2\/media?parent=1618"}],"wp:term":[{"taxonomy":"product_brand","embeddable":true,"href":"https:\/\/intralemans.com\/en\/wp-json\/wp\/v2\/product_brand?post=1618"},{"taxonomy":"product_cat","embeddable":true,"href":"https:\/\/intralemans.com\/en\/wp-json\/wp\/v2\/product_cat?post=1618"},{"taxonomy":"product_tag","embeddable":true,"href":"https:\/\/intralemans.com\/en\/wp-json\/wp\/v2\/product_tag?post=1618"}],"curies":[{"name":"wp","href":"https:\/\/api.w.org\/{rel}","templated":true}]}}