{"id":1611,"date":"2024-05-08T20:30:48","date_gmt":"2024-05-08T20:30:48","guid":{"rendered":"https:\/\/intralemans.com\/?post_type=product&#038;p=1611"},"modified":"2024-05-08T21:02:14","modified_gmt":"2024-05-08T21:02:14","slug":"seall-super-glue-502","status":"publish","type":"product","link":"https:\/\/intralemans.com\/en\/product\/seall-super-glue-502\/","title":{"rendered":"SEALL Super Glue 502"},"content":{"rendered":"<ul>\n<li>Solidificaci\u00f3n r\u00e1pida<\/li>\n<li>F\u00e1cil de operar<\/li>\n<li>Antivibraci\u00f3n y resistente al agua<\/li>\n<li>Amplias aplicaciones<\/li>\n<\/ul>","protected":false},"excerpt":{"rendered":"<p>Solidificaci\u00f3n r\u00e1pida F\u00e1cil de operar Antivibraci\u00f3n y resistente al agua Amplias aplicaciones<\/p>","protected":false},"featured_media":1613,"template":"","meta":[],"product_brand":[],"product_cat":[44],"product_tag":[54],"class_list":{"0":"post-1611","1":"product","2":"type-product","3":"status-publish","4":"has-post-thumbnail","6":"product_cat-sellante","7":"product_tag-seall","9":"first","10":"instock","11":"shipping-taxable","12":"product-type-simple"},"yoast_head":"<!-- This site is optimized with the Yoast SEO plugin v27.3 - https:\/\/yoast.com\/product\/yoast-seo-wordpress\/ -->\n<title>SEALL Super Glue 502 - Intra Lemans Industries S.A.<\/title>\n<meta name=\"robots\" content=\"index, follow, max-snippet:-1, max-image-preview:large, max-video-preview:-1\" \/>\n<link rel=\"canonical\" href=\"https:\/\/intralemans.com\/en\/product\/seall-super-glue-502\/\" \/>\n<meta property=\"og:locale\" content=\"en_US\" \/>\n<meta property=\"og:type\" content=\"article\" \/>\n<meta property=\"og:title\" content=\"SEALL Super Glue 502 - Intra Lemans Industries S.A.\" \/>\n<meta property=\"og:description\" content=\"Solidificaci\u00f3n r\u00e1pida F\u00e1cil de operar Antivibraci\u00f3n y resistente al agua Amplias aplicaciones\" \/>\n<meta property=\"og:url\" content=\"https:\/\/intralemans.com\/en\/product\/seall-super-glue-502\/\" \/>\n<meta property=\"og:site_name\" content=\"Intra Lemans Industries S.A.\" \/>\n<meta property=\"article:modified_time\" content=\"2024-05-08T21:02:14+00:00\" \/>\n<meta property=\"og:image\" content=\"https:\/\/intralemans.com\/wp-content\/uploads\/2024\/05\/Photoroom_20240508_152703.jpg\" \/>\n\t<meta property=\"og:image:width\" content=\"600\" \/>\n\t<meta property=\"og:image:height\" content=\"600\" \/>\n\t<meta property=\"og:image:type\" content=\"image\/jpeg\" \/>\n<meta name=\"twitter:card\" content=\"summary_large_image\" \/>\n<meta name=\"twitter:label1\" content=\"Est. reading time\" \/>\n\t<meta name=\"twitter:data1\" content=\"1 minute\" \/>\n<script type=\"application\/ld+json\" class=\"yoast-schema-graph\">{\"@context\":\"https:\\\/\\\/schema.org\",\"@graph\":[{\"@type\":\"WebPage\",\"@id\":\"https:\\\/\\\/intralemans.com\\\/producto\\\/seall-super-glue-502\",\"url\":\"https:\\\/\\\/intralemans.com\\\/producto\\\/seall-super-glue-502\",\"name\":\"SEALL Super Glue 502 - Intra Lemans Industries S.A.\",\"isPartOf\":{\"@id\":\"https:\\\/\\\/intralemans.com\\\/#website\"},\"primaryImageOfPage\":{\"@id\":\"https:\\\/\\\/intralemans.com\\\/producto\\\/seall-super-glue-502#primaryimage\"},\"image\":{\"@id\":\"https:\\\/\\\/intralemans.com\\\/producto\\\/seall-super-glue-502#primaryimage\"},\"thumbnailUrl\":\"https:\\\/\\\/intralemans.com\\\/wp-content\\\/uploads\\\/2024\\\/05\\\/Photoroom_20240508_152703.jpg\",\"datePublished\":\"2024-05-08T20:30:48+00:00\",\"dateModified\":\"2024-05-08T21:02:14+00:00\",\"breadcrumb\":{\"@id\":\"https:\\\/\\\/intralemans.com\\\/producto\\\/seall-super-glue-502#breadcrumb\"},\"inLanguage\":\"en-US\",\"potentialAction\":[{\"@type\":\"ReadAction\",\"target\":[\"https:\\\/\\\/intralemans.com\\\/producto\\\/seall-super-glue-502\"]}]},{\"@type\":\"ImageObject\",\"inLanguage\":\"en-US\",\"@id\":\"https:\\\/\\\/intralemans.com\\\/producto\\\/seall-super-glue-502#primaryimage\",\"url\":\"https:\\\/\\\/intralemans.com\\\/wp-content\\\/uploads\\\/2024\\\/05\\\/Photoroom_20240508_152703.jpg\",\"contentUrl\":\"https:\\\/\\\/intralemans.com\\\/wp-content\\\/uploads\\\/2024\\\/05\\\/Photoroom_20240508_152703.jpg\",\"width\":600,\"height\":600},{\"@type\":\"BreadcrumbList\",\"@id\":\"https:\\\/\\\/intralemans.com\\\/producto\\\/seall-super-glue-502#breadcrumb\",\"itemListElement\":[{\"@type\":\"ListItem\",\"position\":1,\"name\":\"Portada\",\"item\":\"https:\\\/\\\/intralemans.com\\\/\"},{\"@type\":\"ListItem\",\"position\":2,\"name\":\"Productos\",\"item\":\"https:\\\/\\\/intralemans.com\\\/productos\\\/\"},{\"@type\":\"ListItem\",\"position\":3,\"name\":\"SEALL Super Glue 502\"}]},{\"@type\":\"WebSite\",\"@id\":\"https:\\\/\\\/intralemans.com\\\/#website\",\"url\":\"https:\\\/\\\/intralemans.com\\\/\",\"name\":\"Intra Lemans Industries S.A.\",\"description\":\"Intra Lemans Industries S.A.\",\"publisher\":{\"@id\":\"https:\\\/\\\/intralemans.com\\\/#organization\"},\"potentialAction\":[{\"@type\":\"SearchAction\",\"target\":{\"@type\":\"EntryPoint\",\"urlTemplate\":\"https:\\\/\\\/intralemans.com\\\/?s={search_term_string}\"},\"query-input\":{\"@type\":\"PropertyValueSpecification\",\"valueRequired\":true,\"valueName\":\"search_term_string\"}}],\"inLanguage\":\"en-US\"},{\"@type\":\"Organization\",\"@id\":\"https:\\\/\\\/intralemans.com\\\/#organization\",\"name\":\"Intra Lemans Industries S.A.\",\"url\":\"https:\\\/\\\/intralemans.com\\\/\",\"logo\":{\"@type\":\"ImageObject\",\"inLanguage\":\"en-US\",\"@id\":\"https:\\\/\\\/intralemans.com\\\/#\\\/schema\\\/logo\\\/image\\\/\",\"url\":\"https:\\\/\\\/intralemans.com\\\/wp-content\\\/uploads\\\/2020\\\/08\\\/cropped-Logo-Intra-Lemans-v1.png\",\"contentUrl\":\"https:\\\/\\\/intralemans.com\\\/wp-content\\\/uploads\\\/2020\\\/08\\\/cropped-Logo-Intra-Lemans-v1.png\",\"width\":223,\"height\":112,\"caption\":\"Intra Lemans Industries S.A.\"},\"image\":{\"@id\":\"https:\\\/\\\/intralemans.com\\\/#\\\/schema\\\/logo\\\/image\\\/\"}}]}<\/script>\n<!-- \/ Yoast SEO plugin. -->","yoast_head_json":{"title":"SEALL Super Glue 502 - Intra Lemans Industries S.A.","robots":{"index":"index","follow":"follow","max-snippet":"max-snippet:-1","max-image-preview":"max-image-preview:large","max-video-preview":"max-video-preview:-1"},"canonical":"https:\/\/intralemans.com\/en\/product\/seall-super-glue-502\/","og_locale":"en_US","og_type":"article","og_title":"SEALL Super Glue 502 - Intra Lemans Industries S.A.","og_description":"Solidificaci\u00f3n r\u00e1pida F\u00e1cil de operar Antivibraci\u00f3n y resistente al agua Amplias aplicaciones","og_url":"https:\/\/intralemans.com\/en\/product\/seall-super-glue-502\/","og_site_name":"Intra Lemans Industries S.A.","article_modified_time":"2024-05-08T21:02:14+00:00","og_image":[{"width":600,"height":600,"url":"https:\/\/intralemans.com\/wp-content\/uploads\/2024\/05\/Photoroom_20240508_152703.jpg","type":"image\/jpeg"}],"twitter_card":"summary_large_image","twitter_misc":{"Est. reading time":"1 minute"},"schema":{"@context":"https:\/\/schema.org","@graph":[{"@type":"WebPage","@id":"https:\/\/intralemans.com\/producto\/seall-super-glue-502","url":"https:\/\/intralemans.com\/producto\/seall-super-glue-502","name":"SEALL Super Glue 502 - Intra Lemans Industries S.A.","isPartOf":{"@id":"https:\/\/intralemans.com\/#website"},"primaryImageOfPage":{"@id":"https:\/\/intralemans.com\/producto\/seall-super-glue-502#primaryimage"},"image":{"@id":"https:\/\/intralemans.com\/producto\/seall-super-glue-502#primaryimage"},"thumbnailUrl":"https:\/\/intralemans.com\/wp-content\/uploads\/2024\/05\/Photoroom_20240508_152703.jpg","datePublished":"2024-05-08T20:30:48+00:00","dateModified":"2024-05-08T21:02:14+00:00","breadcrumb":{"@id":"https:\/\/intralemans.com\/producto\/seall-super-glue-502#breadcrumb"},"inLanguage":"en-US","potentialAction":[{"@type":"ReadAction","target":["https:\/\/intralemans.com\/producto\/seall-super-glue-502"]}]},{"@type":"ImageObject","inLanguage":"en-US","@id":"https:\/\/intralemans.com\/producto\/seall-super-glue-502#primaryimage","url":"https:\/\/intralemans.com\/wp-content\/uploads\/2024\/05\/Photoroom_20240508_152703.jpg","contentUrl":"https:\/\/intralemans.com\/wp-content\/uploads\/2024\/05\/Photoroom_20240508_152703.jpg","width":600,"height":600},{"@type":"BreadcrumbList","@id":"https:\/\/intralemans.com\/producto\/seall-super-glue-502#breadcrumb","itemListElement":[{"@type":"ListItem","position":1,"name":"Portada","item":"https:\/\/intralemans.com\/"},{"@type":"ListItem","position":2,"name":"Productos","item":"https:\/\/intralemans.com\/productos\/"},{"@type":"ListItem","position":3,"name":"SEALL Super Glue 502"}]},{"@type":"WebSite","@id":"https:\/\/intralemans.com\/#website","url":"https:\/\/intralemans.com\/","name":"Intra Lemans Industries S.A.","description":"Intra Lemans Industries S.A.","publisher":{"@id":"https:\/\/intralemans.com\/#organization"},"potentialAction":[{"@type":"SearchAction","target":{"@type":"EntryPoint","urlTemplate":"https:\/\/intralemans.com\/?s={search_term_string}"},"query-input":{"@type":"PropertyValueSpecification","valueRequired":true,"valueName":"search_term_string"}}],"inLanguage":"en-US"},{"@type":"Organization","@id":"https:\/\/intralemans.com\/#organization","name":"Intra Lemans Industries S.A.","url":"https:\/\/intralemans.com\/","logo":{"@type":"ImageObject","inLanguage":"en-US","@id":"https:\/\/intralemans.com\/#\/schema\/logo\/image\/","url":"https:\/\/intralemans.com\/wp-content\/uploads\/2020\/08\/cropped-Logo-Intra-Lemans-v1.png","contentUrl":"https:\/\/intralemans.com\/wp-content\/uploads\/2020\/08\/cropped-Logo-Intra-Lemans-v1.png","width":223,"height":112,"caption":"Intra Lemans Industries S.A."},"image":{"@id":"https:\/\/intralemans.com\/#\/schema\/logo\/image\/"}}]}},"_links":{"self":[{"href":"https:\/\/intralemans.com\/en\/wp-json\/wp\/v2\/product\/1611","targetHints":{"allow":["GET"]}}],"collection":[{"href":"https:\/\/intralemans.com\/en\/wp-json\/wp\/v2\/product"}],"about":[{"href":"https:\/\/intralemans.com\/en\/wp-json\/wp\/v2\/types\/product"}],"version-history":[{"count":0,"href":"https:\/\/intralemans.com\/en\/wp-json\/wp\/v2\/product\/1611\/revisions"}],"wp:featuredmedia":[{"embeddable":true,"href":"https:\/\/intralemans.com\/en\/wp-json\/wp\/v2\/media\/1613"}],"wp:attachment":[{"href":"https:\/\/intralemans.com\/en\/wp-json\/wp\/v2\/media?parent=1611"}],"wp:term":[{"taxonomy":"product_brand","embeddable":true,"href":"https:\/\/intralemans.com\/en\/wp-json\/wp\/v2\/product_brand?post=1611"},{"taxonomy":"product_cat","embeddable":true,"href":"https:\/\/intralemans.com\/en\/wp-json\/wp\/v2\/product_cat?post=1611"},{"taxonomy":"product_tag","embeddable":true,"href":"https:\/\/intralemans.com\/en\/wp-json\/wp\/v2\/product_tag?post=1611"}],"curies":[{"name":"wp","href":"https:\/\/api.w.org\/{rel}","templated":true}]}}