{"id":1583,"date":"2024-05-08T19:28:42","date_gmt":"2024-05-08T19:28:42","guid":{"rendered":"https:\/\/intralemans.com\/?post_type=product&#038;p=1583"},"modified":"2024-05-08T19:28:42","modified_gmt":"2024-05-08T19:28:42","slug":"klinkar-starting-fluid","status":"publish","type":"product","link":"https:\/\/intralemans.com\/en\/product\/klinkar-starting-fluid\/","title":{"rendered":"KLINKAR Starting Fluid"},"content":{"rendered":"<p>KLINKAR Starting fluid ayuda de manera r\u00e1pida y segura al arranque de motores de combusti\u00f3n interna en climas adversos, como fr\u00edos y\/o h\u00famedos, a causa de las sustancias inflamables, con propiedades anticorrosivas y lubricantes, que forman parte de su composici\u00f3n.<\/p>","protected":false},"excerpt":{"rendered":"<p>KLINKAR Starting fluid ayuda de manera r\u00e1pida y segura al arranque de motores de combusti\u00f3n interna en climas adversos, como fr\u00edos y\/o h\u00famedos, a causa de las sustancias inflamables, con propiedades anticorrosivas y lubricantes, que forman parte de su composici\u00f3n.<\/p>","protected":false},"featured_media":1584,"template":"","meta":[],"product_brand":[],"product_cat":[20],"product_tag":[51],"class_list":{"0":"post-1583","1":"product","2":"type-product","3":"status-publish","4":"has-post-thumbnail","6":"product_cat-klinkar","7":"product_tag-klinkar","9":"first","10":"instock","11":"shipping-taxable","12":"product-type-simple"},"yoast_head":"<!-- This site is optimized with the Yoast SEO plugin v27.3 - https:\/\/yoast.com\/product\/yoast-seo-wordpress\/ -->\n<title>KLINKAR Starting Fluid - Intra Lemans Industries S.A.<\/title>\n<meta name=\"robots\" content=\"index, follow, max-snippet:-1, max-image-preview:large, max-video-preview:-1\" \/>\n<link rel=\"canonical\" href=\"https:\/\/intralemans.com\/en\/product\/klinkar-starting-fluid\/\" \/>\n<meta property=\"og:locale\" content=\"en_US\" \/>\n<meta property=\"og:type\" content=\"article\" \/>\n<meta property=\"og:title\" content=\"KLINKAR Starting Fluid - Intra Lemans Industries S.A.\" \/>\n<meta property=\"og:description\" content=\"KLINKAR Starting fluid ayuda de manera r\u00e1pida y segura al arranque de motores de combusti\u00f3n interna en climas adversos, como fr\u00edos y\/o h\u00famedos, a causa de las sustancias inflamables, con propiedades anticorrosivas y lubricantes, que forman parte de su composici\u00f3n.\" \/>\n<meta property=\"og:url\" content=\"https:\/\/intralemans.com\/en\/product\/klinkar-starting-fluid\/\" \/>\n<meta property=\"og:site_name\" content=\"Intra Lemans Industries S.A.\" \/>\n<meta property=\"og:image\" content=\"https:\/\/intralemans.com\/wp-content\/uploads\/2024\/05\/Photoroom_20240508_132352-1.png\" \/>\n\t<meta property=\"og:image:width\" content=\"600\" \/>\n\t<meta property=\"og:image:height\" content=\"600\" \/>\n\t<meta property=\"og:image:type\" content=\"image\/png\" \/>\n<meta name=\"twitter:card\" content=\"summary_large_image\" \/>\n<meta name=\"twitter:label1\" content=\"Est. reading time\" \/>\n\t<meta name=\"twitter:data1\" content=\"1 minute\" \/>\n<script type=\"application\/ld+json\" class=\"yoast-schema-graph\">{\"@context\":\"https:\\\/\\\/schema.org\",\"@graph\":[{\"@type\":\"WebPage\",\"@id\":\"https:\\\/\\\/intralemans.com\\\/producto\\\/klinkar-starting-fluid\",\"url\":\"https:\\\/\\\/intralemans.com\\\/producto\\\/klinkar-starting-fluid\",\"name\":\"KLINKAR Starting Fluid - Intra Lemans Industries S.A.\",\"isPartOf\":{\"@id\":\"https:\\\/\\\/intralemans.com\\\/#website\"},\"primaryImageOfPage\":{\"@id\":\"https:\\\/\\\/intralemans.com\\\/producto\\\/klinkar-starting-fluid#primaryimage\"},\"image\":{\"@id\":\"https:\\\/\\\/intralemans.com\\\/producto\\\/klinkar-starting-fluid#primaryimage\"},\"thumbnailUrl\":\"https:\\\/\\\/intralemans.com\\\/wp-content\\\/uploads\\\/2024\\\/05\\\/Photoroom_20240508_132352-1.png\",\"datePublished\":\"2024-05-08T19:28:42+00:00\",\"breadcrumb\":{\"@id\":\"https:\\\/\\\/intralemans.com\\\/producto\\\/klinkar-starting-fluid#breadcrumb\"},\"inLanguage\":\"en-US\",\"potentialAction\":[{\"@type\":\"ReadAction\",\"target\":[\"https:\\\/\\\/intralemans.com\\\/producto\\\/klinkar-starting-fluid\"]}]},{\"@type\":\"ImageObject\",\"inLanguage\":\"en-US\",\"@id\":\"https:\\\/\\\/intralemans.com\\\/producto\\\/klinkar-starting-fluid#primaryimage\",\"url\":\"https:\\\/\\\/intralemans.com\\\/wp-content\\\/uploads\\\/2024\\\/05\\\/Photoroom_20240508_132352-1.png\",\"contentUrl\":\"https:\\\/\\\/intralemans.com\\\/wp-content\\\/uploads\\\/2024\\\/05\\\/Photoroom_20240508_132352-1.png\",\"width\":600,\"height\":600},{\"@type\":\"BreadcrumbList\",\"@id\":\"https:\\\/\\\/intralemans.com\\\/producto\\\/klinkar-starting-fluid#breadcrumb\",\"itemListElement\":[{\"@type\":\"ListItem\",\"position\":1,\"name\":\"Portada\",\"item\":\"https:\\\/\\\/intralemans.com\\\/\"},{\"@type\":\"ListItem\",\"position\":2,\"name\":\"Productos\",\"item\":\"https:\\\/\\\/intralemans.com\\\/productos\\\/\"},{\"@type\":\"ListItem\",\"position\":3,\"name\":\"KLINKAR Starting Fluid\"}]},{\"@type\":\"WebSite\",\"@id\":\"https:\\\/\\\/intralemans.com\\\/#website\",\"url\":\"https:\\\/\\\/intralemans.com\\\/\",\"name\":\"Intra Lemans Industries S.A.\",\"description\":\"Intra Lemans Industries S.A.\",\"publisher\":{\"@id\":\"https:\\\/\\\/intralemans.com\\\/#organization\"},\"potentialAction\":[{\"@type\":\"SearchAction\",\"target\":{\"@type\":\"EntryPoint\",\"urlTemplate\":\"https:\\\/\\\/intralemans.com\\\/?s={search_term_string}\"},\"query-input\":{\"@type\":\"PropertyValueSpecification\",\"valueRequired\":true,\"valueName\":\"search_term_string\"}}],\"inLanguage\":\"en-US\"},{\"@type\":\"Organization\",\"@id\":\"https:\\\/\\\/intralemans.com\\\/#organization\",\"name\":\"Intra Lemans Industries S.A.\",\"url\":\"https:\\\/\\\/intralemans.com\\\/\",\"logo\":{\"@type\":\"ImageObject\",\"inLanguage\":\"en-US\",\"@id\":\"https:\\\/\\\/intralemans.com\\\/#\\\/schema\\\/logo\\\/image\\\/\",\"url\":\"https:\\\/\\\/intralemans.com\\\/wp-content\\\/uploads\\\/2020\\\/08\\\/cropped-Logo-Intra-Lemans-v1.png\",\"contentUrl\":\"https:\\\/\\\/intralemans.com\\\/wp-content\\\/uploads\\\/2020\\\/08\\\/cropped-Logo-Intra-Lemans-v1.png\",\"width\":223,\"height\":112,\"caption\":\"Intra Lemans Industries S.A.\"},\"image\":{\"@id\":\"https:\\\/\\\/intralemans.com\\\/#\\\/schema\\\/logo\\\/image\\\/\"}}]}<\/script>\n<!-- \/ Yoast SEO plugin. -->","yoast_head_json":{"title":"KLINKAR Starting Fluid - Intra Lemans Industries S.A.","robots":{"index":"index","follow":"follow","max-snippet":"max-snippet:-1","max-image-preview":"max-image-preview:large","max-video-preview":"max-video-preview:-1"},"canonical":"https:\/\/intralemans.com\/en\/product\/klinkar-starting-fluid\/","og_locale":"en_US","og_type":"article","og_title":"KLINKAR Starting Fluid - Intra Lemans Industries S.A.","og_description":"KLINKAR Starting fluid ayuda de manera r\u00e1pida y segura al arranque de motores de combusti\u00f3n interna en climas adversos, como fr\u00edos y\/o h\u00famedos, a causa de las sustancias inflamables, con propiedades anticorrosivas y lubricantes, que forman parte de su composici\u00f3n.","og_url":"https:\/\/intralemans.com\/en\/product\/klinkar-starting-fluid\/","og_site_name":"Intra Lemans Industries S.A.","og_image":[{"width":600,"height":600,"url":"https:\/\/intralemans.com\/wp-content\/uploads\/2024\/05\/Photoroom_20240508_132352-1.png","type":"image\/png"}],"twitter_card":"summary_large_image","twitter_misc":{"Est. reading time":"1 minute"},"schema":{"@context":"https:\/\/schema.org","@graph":[{"@type":"WebPage","@id":"https:\/\/intralemans.com\/producto\/klinkar-starting-fluid","url":"https:\/\/intralemans.com\/producto\/klinkar-starting-fluid","name":"KLINKAR Starting Fluid - Intra Lemans Industries S.A.","isPartOf":{"@id":"https:\/\/intralemans.com\/#website"},"primaryImageOfPage":{"@id":"https:\/\/intralemans.com\/producto\/klinkar-starting-fluid#primaryimage"},"image":{"@id":"https:\/\/intralemans.com\/producto\/klinkar-starting-fluid#primaryimage"},"thumbnailUrl":"https:\/\/intralemans.com\/wp-content\/uploads\/2024\/05\/Photoroom_20240508_132352-1.png","datePublished":"2024-05-08T19:28:42+00:00","breadcrumb":{"@id":"https:\/\/intralemans.com\/producto\/klinkar-starting-fluid#breadcrumb"},"inLanguage":"en-US","potentialAction":[{"@type":"ReadAction","target":["https:\/\/intralemans.com\/producto\/klinkar-starting-fluid"]}]},{"@type":"ImageObject","inLanguage":"en-US","@id":"https:\/\/intralemans.com\/producto\/klinkar-starting-fluid#primaryimage","url":"https:\/\/intralemans.com\/wp-content\/uploads\/2024\/05\/Photoroom_20240508_132352-1.png","contentUrl":"https:\/\/intralemans.com\/wp-content\/uploads\/2024\/05\/Photoroom_20240508_132352-1.png","width":600,"height":600},{"@type":"BreadcrumbList","@id":"https:\/\/intralemans.com\/producto\/klinkar-starting-fluid#breadcrumb","itemListElement":[{"@type":"ListItem","position":1,"name":"Portada","item":"https:\/\/intralemans.com\/"},{"@type":"ListItem","position":2,"name":"Productos","item":"https:\/\/intralemans.com\/productos\/"},{"@type":"ListItem","position":3,"name":"KLINKAR Starting Fluid"}]},{"@type":"WebSite","@id":"https:\/\/intralemans.com\/#website","url":"https:\/\/intralemans.com\/","name":"Intra Lemans Industries S.A.","description":"Intra Lemans Industries S.A.","publisher":{"@id":"https:\/\/intralemans.com\/#organization"},"potentialAction":[{"@type":"SearchAction","target":{"@type":"EntryPoint","urlTemplate":"https:\/\/intralemans.com\/?s={search_term_string}"},"query-input":{"@type":"PropertyValueSpecification","valueRequired":true,"valueName":"search_term_string"}}],"inLanguage":"en-US"},{"@type":"Organization","@id":"https:\/\/intralemans.com\/#organization","name":"Intra Lemans Industries S.A.","url":"https:\/\/intralemans.com\/","logo":{"@type":"ImageObject","inLanguage":"en-US","@id":"https:\/\/intralemans.com\/#\/schema\/logo\/image\/","url":"https:\/\/intralemans.com\/wp-content\/uploads\/2020\/08\/cropped-Logo-Intra-Lemans-v1.png","contentUrl":"https:\/\/intralemans.com\/wp-content\/uploads\/2020\/08\/cropped-Logo-Intra-Lemans-v1.png","width":223,"height":112,"caption":"Intra Lemans Industries S.A."},"image":{"@id":"https:\/\/intralemans.com\/#\/schema\/logo\/image\/"}}]}},"_links":{"self":[{"href":"https:\/\/intralemans.com\/en\/wp-json\/wp\/v2\/product\/1583","targetHints":{"allow":["GET"]}}],"collection":[{"href":"https:\/\/intralemans.com\/en\/wp-json\/wp\/v2\/product"}],"about":[{"href":"https:\/\/intralemans.com\/en\/wp-json\/wp\/v2\/types\/product"}],"version-history":[{"count":0,"href":"https:\/\/intralemans.com\/en\/wp-json\/wp\/v2\/product\/1583\/revisions"}],"wp:featuredmedia":[{"embeddable":true,"href":"https:\/\/intralemans.com\/en\/wp-json\/wp\/v2\/media\/1584"}],"wp:attachment":[{"href":"https:\/\/intralemans.com\/en\/wp-json\/wp\/v2\/media?parent=1583"}],"wp:term":[{"taxonomy":"product_brand","embeddable":true,"href":"https:\/\/intralemans.com\/en\/wp-json\/wp\/v2\/product_brand?post=1583"},{"taxonomy":"product_cat","embeddable":true,"href":"https:\/\/intralemans.com\/en\/wp-json\/wp\/v2\/product_cat?post=1583"},{"taxonomy":"product_tag","embeddable":true,"href":"https:\/\/intralemans.com\/en\/wp-json\/wp\/v2\/product_tag?post=1583"}],"curies":[{"name":"wp","href":"https:\/\/api.w.org\/{rel}","templated":true}]}}