{"id":1173,"date":"2020-09-25T09:02:10","date_gmt":"2020-09-25T09:02:10","guid":{"rendered":"https:\/\/intralemans.com\/?page_id=1173"},"modified":"2020-10-06T16:57:03","modified_gmt":"2020-10-06T16:57:03","slug":"nuestras-marcas","status":"publish","type":"page","link":"https:\/\/intralemans.com\/en\/nosotros\/nuestras-marcas\/","title":{"rendered":"Our brands"},"content":{"rendered":"<div data-elementor-type=\"wp-page\" data-elementor-id=\"1173\" class=\"elementor elementor-1173\" data-elementor-post-type=\"page\">\n\t\t\t\t\t\t<section class=\"elementor-section elementor-top-section elementor-element elementor-element-088b5ec elementor-section-boxed elementor-section-height-default elementor-section-height-default\" data-id=\"088b5ec\" data-element_type=\"section\" data-e-type=\"section\" data-settings=\"{&quot;background_background&quot;:&quot;classic&quot;}\">\n\t\t\t\t\t\t<div class=\"elementor-container elementor-column-gap-default\">\n\t\t\t\t\t<div class=\"elementor-column elementor-col-100 elementor-top-column elementor-element elementor-element-8730673\" data-id=\"8730673\" data-element_type=\"column\" data-e-type=\"column\">\n\t\t\t<div class=\"elementor-widget-wrap elementor-element-populated\">\n\t\t\t\t\t\t<div class=\"elementor-element elementor-element-afa0a44 elementor-widget elementor-widget-jet-breadcrumbs\" data-id=\"afa0a44\" data-element_type=\"widget\" data-e-type=\"widget\" data-widget_type=\"jet-breadcrumbs.default\">\n\t\t\t\t<div class=\"elementor-widget-container\">\n\t\t\t\t\t<div class=\"elementor-jet-breadcrumbs jet-blocks\">\n\t\t<div class=\"jet-breadcrumbs\">\n\t\t<div class=\"jet-breadcrumbs__content\">\n\t\t<div class=\"jet-breadcrumbs__wrap\"><div class=\"jet-breadcrumbs__item\"><a href=\"https:\/\/intralemans.com\/en\/\" class=\"jet-breadcrumbs__item-link is-home\" rel=\"home\" title=\"Home\">Home<\/a><\/div>\n\t\t<\/div>\n\t\t<\/div>\n\t\t<\/div><\/div>\t\t\t\t<\/div>\n\t\t\t\t<\/div>\n\t\t\t\t\t<\/div>\n\t\t<\/div>\n\t\t\t\t\t<\/div>\n\t\t<\/section>\n\t\t\t\t<section class=\"elementor-section elementor-top-section elementor-element elementor-element-e043e1e elementor-section-height-min-height elementor-section-boxed elementor-section-height-default elementor-section-items-middle\" data-id=\"e043e1e\" data-element_type=\"section\" data-e-type=\"section\" data-settings=\"{&quot;background_background&quot;:&quot;classic&quot;}\">\n\t\t\t\t\t\t\t<div class=\"elementor-background-overlay\"><\/div>\n\t\t\t\t\t\t\t<div class=\"elementor-container elementor-column-gap-default\">\n\t\t\t\t\t<div class=\"elementor-column elementor-col-100 elementor-top-column elementor-element elementor-element-140a369\" data-id=\"140a369\" data-element_type=\"column\" data-e-type=\"column\">\n\t\t\t<div class=\"elementor-widget-wrap elementor-element-populated\">\n\t\t\t\t\t\t<div class=\"elementor-element elementor-element-8e0414d elementor-widget elementor-widget-heading\" data-id=\"8e0414d\" data-element_type=\"widget\" data-e-type=\"widget\" data-widget_type=\"heading.default\">\n\t\t\t\t<div class=\"elementor-widget-container\">\n\t\t\t\t\t<h1 class=\"elementor-heading-title elementor-size-default\">Our brands<\/h1>\t\t\t\t<\/div>\n\t\t\t\t<\/div>\n\t\t\t\t<div class=\"elementor-element elementor-element-b6702fb elementor-widget elementor-widget-text-editor\" data-id=\"b6702fb\" data-element_type=\"widget\" data-e-type=\"widget\" data-widget_type=\"text-editor.default\">\n\t\t\t\t<div class=\"elementor-widget-container\">\n\t\t\t\t\t\t\t\t\t<p>We deliver differentiated and privileged brands that provide solutions for clients and end users.<\/p>\t\t\t\t\t\t\t\t<\/div>\n\t\t\t\t<\/div>\n\t\t\t\t\t<\/div>\n\t\t<\/div>\n\t\t\t\t\t<\/div>\n\t\t<\/section>\n\t\t\t\t<section class=\"elementor-section elementor-top-section elementor-element elementor-element-b12fef4 elementor-section-boxed elementor-section-height-default elementor-section-height-default\" data-id=\"b12fef4\" data-element_type=\"section\" data-e-type=\"section\" data-settings=\"{&quot;background_background&quot;:&quot;classic&quot;}\">\n\t\t\t\t\t\t<div class=\"elementor-container elementor-column-gap-default\">\n\t\t\t\t\t<div class=\"elementor-column elementor-col-100 elementor-top-column elementor-element elementor-element-ef21d5b\" data-id=\"ef21d5b\" data-element_type=\"column\" data-e-type=\"column\">\n\t\t\t<div class=\"elementor-widget-wrap elementor-element-populated\">\n\t\t\t\t\t\t<section class=\"elementor-section elementor-inner-section elementor-element elementor-element-b47b79d elementor-section-boxed elementor-section-height-default elementor-section-height-default\" data-id=\"b47b79d\" data-element_type=\"section\" data-e-type=\"section\" data-settings=\"{&quot;background_background&quot;:&quot;classic&quot;}\">\n\t\t\t\t\t\t<div class=\"elementor-container elementor-column-gap-default\">\n\t\t\t\t\t<div class=\"elementor-column elementor-col-50 elementor-inner-column elementor-element elementor-element-a02e81f\" data-id=\"a02e81f\" data-element_type=\"column\" data-e-type=\"column\" data-settings=\"{&quot;background_background&quot;:&quot;classic&quot;}\">\n\t\t\t<div class=\"elementor-widget-wrap elementor-element-populated\">\n\t\t\t\t\t\t<div class=\"elementor-element elementor-element-074d062 elementor-widget elementor-widget-image\" data-id=\"074d062\" data-element_type=\"widget\" data-e-type=\"widget\" data-widget_type=\"image.default\">\n\t\t\t\t<div class=\"elementor-widget-container\">\n\t\t\t\t\t\t\t\t\t\t\t\t\t\t\t<img decoding=\"async\" src=\"https:\/\/intralemans.com\/wp-content\/uploads\/elementor\/thumbs\/KLINLUBEv3-ov4rf1b9vp07mgycqoksfesfha81vv7h2ozvohwni8.png\" title=\"KLINLUBEv3\" alt=\"KLINLUBE\" loading=\"lazy\" \/>\t\t\t\t\t\t\t\t\t\t\t\t\t\t\t<\/div>\n\t\t\t\t<\/div>\n\t\t\t\t<div class=\"elementor-element elementor-element-e5e6d88 elementor-widget elementor-widget-text-editor\" data-id=\"e5e6d88\" data-element_type=\"widget\" data-e-type=\"widget\" data-widget_type=\"text-editor.default\">\n\t\t\t\t<div class=\"elementor-widget-container\">\n\t\t\t\t\t\t\t\t\t<p>KlinLube has a wide variety of lubricants ideal for your vehicle and accessories.<\/p>\t\t\t\t\t\t\t\t<\/div>\n\t\t\t\t<\/div>\n\t\t\t\t\t<\/div>\n\t\t<\/div>\n\t\t\t\t<div class=\"elementor-column elementor-col-50 elementor-inner-column elementor-element elementor-element-0e107fd\" data-id=\"0e107fd\" data-element_type=\"column\" data-e-type=\"column\" data-settings=\"{&quot;background_background&quot;:&quot;classic&quot;}\">\n\t\t\t<div class=\"elementor-widget-wrap elementor-element-populated\">\n\t\t\t\t\t\t<div class=\"elementor-element elementor-element-afb3288 elementor-widget elementor-widget-image\" data-id=\"afb3288\" data-element_type=\"widget\" data-e-type=\"widget\" data-widget_type=\"image.default\">\n\t\t\t\t<div class=\"elementor-widget-container\">\n\t\t\t\t\t\t\t\t\t\t\t\t\t\t\t<img decoding=\"async\" src=\"https:\/\/intralemans.com\/wp-content\/uploads\/elementor\/thumbs\/SEALL2-ov4r7cyq2ehwt43rkd4h2ciwu0250uqe0p74l5aebk.png\" title=\"SEALL2\" alt=\"SEALL\" loading=\"lazy\" \/>\t\t\t\t\t\t\t\t\t\t\t\t\t\t\t<\/div>\n\t\t\t\t<\/div>\n\t\t\t\t<div class=\"elementor-element elementor-element-93f7e26 elementor-widget elementor-widget-text-editor\" data-id=\"93f7e26\" data-element_type=\"widget\" data-e-type=\"widget\" data-widget_type=\"text-editor.default\">\n\t\t\t\t<div class=\"elementor-widget-container\">\n\t\t\t\t\t\t\t\t\t<p>SEALL is a brand dedicated to the manufacture of silicones and sealants for the engine of your vehicles.<\/p>\t\t\t\t\t\t\t\t<\/div>\n\t\t\t\t<\/div>\n\t\t\t\t\t<\/div>\n\t\t<\/div>\n\t\t\t\t\t<\/div>\n\t\t<\/section>\n\t\t\t\t<section class=\"elementor-section elementor-inner-section elementor-element elementor-element-c8720de elementor-section-boxed elementor-section-height-default elementor-section-height-default\" data-id=\"c8720de\" data-element_type=\"section\" data-e-type=\"section\" data-settings=\"{&quot;background_background&quot;:&quot;classic&quot;}\">\n\t\t\t\t\t\t<div class=\"elementor-container elementor-column-gap-default\">\n\t\t\t\t\t<div class=\"elementor-column elementor-col-50 elementor-inner-column elementor-element elementor-element-5ad6200\" data-id=\"5ad6200\" data-element_type=\"column\" data-e-type=\"column\" data-settings=\"{&quot;background_background&quot;:&quot;classic&quot;}\">\n\t\t\t<div class=\"elementor-widget-wrap elementor-element-populated\">\n\t\t\t\t\t\t<div class=\"elementor-element elementor-element-b23ef04 elementor-widget elementor-widget-image\" data-id=\"b23ef04\" data-element_type=\"widget\" data-e-type=\"widget\" data-widget_type=\"image.default\">\n\t\t\t\t<div class=\"elementor-widget-container\">\n\t\t\t\t\t\t\t\t\t\t\t\t\t\t\t<img decoding=\"async\" src=\"https:\/\/intralemans.com\/wp-content\/uploads\/elementor\/thumbs\/KLINFIL2-ov4r73kc6251l0hf3927dewaw5cgvvp2neo9sdoc1s.png\" title=\"KLINFIL2\" alt=\"KLINFIL\" loading=\"lazy\" \/>\t\t\t\t\t\t\t\t\t\t\t\t\t\t\t<\/div>\n\t\t\t\t<\/div>\n\t\t\t\t<div class=\"elementor-element elementor-element-c0448a5 elementor-widget elementor-widget-text-editor\" data-id=\"c0448a5\" data-element_type=\"widget\" data-e-type=\"widget\" data-widget_type=\"text-editor.default\">\n\t\t\t\t<div class=\"elementor-widget-container\">\n\t\t\t\t\t\t\t\t\t<p>Klinfil is oriented to the manufacture of filters and settlers for your vehicles.\u00a0<\/p>\t\t\t\t\t\t\t\t<\/div>\n\t\t\t\t<\/div>\n\t\t\t\t\t<\/div>\n\t\t<\/div>\n\t\t\t\t<div class=\"elementor-column elementor-col-50 elementor-inner-column elementor-element elementor-element-a0cdefa\" data-id=\"a0cdefa\" data-element_type=\"column\" data-e-type=\"column\" data-settings=\"{&quot;background_background&quot;:&quot;classic&quot;}\">\n\t\t\t<div class=\"elementor-widget-wrap elementor-element-populated\">\n\t\t\t\t\t\t<div class=\"elementor-element elementor-element-3a4c4cb elementor-widget elementor-widget-image\" data-id=\"3a4c4cb\" data-element_type=\"widget\" data-e-type=\"widget\" data-widget_type=\"image.default\">\n\t\t\t\t<div class=\"elementor-widget-container\">\n\t\t\t\t\t\t\t\t\t\t\t\t\t\t\t<img decoding=\"async\" src=\"https:\/\/intralemans.com\/wp-content\/uploads\/elementor\/thumbs\/KLINKAR2-ov4r77boxea6vgbyhaopndy59otxqo3zzxa7phircw.png\" title=\"KLINKAR2\" alt=\"KLINKAR\" loading=\"lazy\" \/>\t\t\t\t\t\t\t\t\t\t\t\t\t\t\t<\/div>\n\t\t\t\t<\/div>\n\t\t\t\t<div class=\"elementor-element elementor-element-643805f elementor-widget elementor-widget-text-editor\" data-id=\"643805f\" data-element_type=\"widget\" data-e-type=\"widget\" data-widget_type=\"text-editor.default\">\n\t\t\t\t<div class=\"elementor-widget-container\">\n\t\t\t\t\t\t\t\t\t<p>Klinkar offers you a wide range of products to maintain the care and appearance of your vehicle.<\/p>\t\t\t\t\t\t\t\t<\/div>\n\t\t\t\t<\/div>\n\t\t\t\t\t<\/div>\n\t\t<\/div>\n\t\t\t\t\t<\/div>\n\t\t<\/section>\n\t\t\t\t<section class=\"elementor-section elementor-inner-section elementor-element elementor-element-0bb00ea elementor-section-boxed elementor-section-height-default elementor-section-height-default\" data-id=\"0bb00ea\" data-element_type=\"section\" data-e-type=\"section\" data-settings=\"{&quot;background_background&quot;:&quot;classic&quot;}\">\n\t\t\t\t\t\t<div class=\"elementor-container elementor-column-gap-default\">\n\t\t\t\t\t<div class=\"elementor-column elementor-col-50 elementor-inner-column elementor-element elementor-element-7dc2da2\" data-id=\"7dc2da2\" data-element_type=\"column\" data-e-type=\"column\" data-settings=\"{&quot;background_background&quot;:&quot;classic&quot;}\">\n\t\t\t<div class=\"elementor-widget-wrap elementor-element-populated\">\n\t\t\t\t\t\t<div class=\"elementor-element elementor-element-199110d elementor-widget elementor-widget-image\" data-id=\"199110d\" data-element_type=\"widget\" data-e-type=\"widget\" data-widget_type=\"image.default\">\n\t\t\t\t<div class=\"elementor-widget-container\">\n\t\t\t\t\t\t\t\t\t\t\t\t\t\t\t<img decoding=\"async\" src=\"https:\/\/intralemans.com\/wp-content\/uploads\/elementor\/thumbs\/KLINHOME2-ov4r29o71pizx5i0anw824s0zv5kbviqbhzg06u60w.png\" title=\"KLINHOME2\" alt=\"KLINHOME\" loading=\"lazy\" \/>\t\t\t\t\t\t\t\t\t\t\t\t\t\t\t<\/div>\n\t\t\t\t<\/div>\n\t\t\t\t<div class=\"elementor-element elementor-element-7ba9b63 elementor-widget elementor-widget-text-editor\" data-id=\"7ba9b63\" data-element_type=\"widget\" data-e-type=\"widget\" data-widget_type=\"text-editor.default\">\n\t\t\t\t<div class=\"elementor-widget-container\">\n\t\t\t\t\t\t\t\t\t<p>KlinHome is a brand aimed at home care. It puts at your disposal unmatched fragrances made with quality supplies.<\/p>\t\t\t\t\t\t\t\t<\/div>\n\t\t\t\t<\/div>\n\t\t\t\t\t<\/div>\n\t\t<\/div>\n\t\t\t\t<div class=\"elementor-column elementor-col-50 elementor-inner-column elementor-element elementor-element-6c20e81\" data-id=\"6c20e81\" data-element_type=\"column\" data-e-type=\"column\">\n\t\t\t<div class=\"elementor-widget-wrap\">\n\t\t\t\t\t\t\t<\/div>\n\t\t<\/div>\n\t\t\t\t\t<\/div>\n\t\t<\/section>\n\t\t\t\t\t<\/div>\n\t\t<\/div>\n\t\t\t\t\t<\/div>\n\t\t<\/section>\n\t\t\t\t<\/div>","protected":false},"excerpt":{"rendered":"<p>Inicio Entregamos marcas diferenciadas y privilegiadas que brindan soluciones para clientes y usuarios finales. KlinLube cuenta con una amplia variedad de lubricantes ideales para tu veh\u00edculo y accesorios. SEALL es una marca dedicada a la fabricaci\u00f3n de siliconas y sellantes para el motor. Klinfil esta orientada a la fabricaci\u00f3n de filtros y sedimentadores para tus [&hellip;]<\/p>\n","protected":false},"author":1,"featured_media":0,"parent":2,"menu_order":0,"comment_status":"closed","ping_status":"closed","template":"elementor_header_footer","meta":{"footnotes":""},"class_list":["post-1173","page","type-page","status-publish","hentry"],"yoast_head":"<!-- This site is optimized with the Yoast SEO plugin v27.3 - https:\/\/yoast.com\/product\/yoast-seo-wordpress\/ -->\n<title>Nuestras marcas - Intra Lemans Industries S.A.<\/title>\n<meta name=\"robots\" content=\"index, follow, max-snippet:-1, max-image-preview:large, max-video-preview:-1\" \/>\n<link rel=\"canonical\" href=\"https:\/\/intralemans.com\/en\/nosotros\/nuestras-marcas\/\" \/>\n<meta property=\"og:locale\" content=\"en_US\" \/>\n<meta property=\"og:type\" content=\"article\" \/>\n<meta property=\"og:title\" content=\"Nuestras marcas - Intra Lemans Industries S.A.\" \/>\n<meta property=\"og:description\" content=\"Inicio Entregamos marcas diferenciadas y privilegiadas que brindan soluciones para clientes y usuarios finales. KlinLube cuenta con una amplia variedad de lubricantes ideales para tu veh\u00edculo y accesorios. SEALL es una marca dedicada a la fabricaci\u00f3n de siliconas y sellantes para el motor. Klinfil esta orientada a la fabricaci\u00f3n de filtros y sedimentadores para tus [&hellip;]\" \/>\n<meta property=\"og:url\" content=\"https:\/\/intralemans.com\/en\/nosotros\/nuestras-marcas\/\" \/>\n<meta property=\"og:site_name\" content=\"Intra Lemans Industries S.A.\" \/>\n<meta property=\"article:modified_time\" content=\"2020-10-06T16:57:03+00:00\" \/>\n<meta property=\"og:image\" content=\"https:\/\/intralemans.com\/wp-content\/uploads\/elementor\/thumbs\/KLINLUBEv3-ov4rf1b9vp07mgycqoksfesfha81vv7h2ozvohwni8.png\" \/>\n<meta name=\"twitter:card\" content=\"summary_large_image\" \/>\n<script type=\"application\/ld+json\" class=\"yoast-schema-graph\">{\"@context\":\"https:\\\/\\\/schema.org\",\"@graph\":[{\"@type\":\"WebPage\",\"@id\":\"https:\\\/\\\/intralemans.com\\\/nosotros\\\/nuestras-marcas\\\/\",\"url\":\"https:\\\/\\\/intralemans.com\\\/nosotros\\\/nuestras-marcas\\\/\",\"name\":\"Nuestras marcas - Intra Lemans Industries S.A.\",\"isPartOf\":{\"@id\":\"https:\\\/\\\/intralemans.com\\\/#website\"},\"primaryImageOfPage\":{\"@id\":\"https:\\\/\\\/intralemans.com\\\/nosotros\\\/nuestras-marcas\\\/#primaryimage\"},\"image\":{\"@id\":\"https:\\\/\\\/intralemans.com\\\/nosotros\\\/nuestras-marcas\\\/#primaryimage\"},\"thumbnailUrl\":\"https:\\\/\\\/intralemans.com\\\/wp-content\\\/uploads\\\/elementor\\\/thumbs\\\/KLINLUBEv3-ov4rf1b9vp07mgycqoksfesfha81vv7h2ozvohwni8.png\",\"datePublished\":\"2020-09-25T09:02:10+00:00\",\"dateModified\":\"2020-10-06T16:57:03+00:00\",\"breadcrumb\":{\"@id\":\"https:\\\/\\\/intralemans.com\\\/nosotros\\\/nuestras-marcas\\\/#breadcrumb\"},\"inLanguage\":\"en-US\",\"potentialAction\":[{\"@type\":\"ReadAction\",\"target\":[\"https:\\\/\\\/intralemans.com\\\/nosotros\\\/nuestras-marcas\\\/\"]}]},{\"@type\":\"ImageObject\",\"inLanguage\":\"en-US\",\"@id\":\"https:\\\/\\\/intralemans.com\\\/nosotros\\\/nuestras-marcas\\\/#primaryimage\",\"url\":\"https:\\\/\\\/intralemans.com\\\/wp-content\\\/uploads\\\/elementor\\\/thumbs\\\/KLINLUBEv3-ov4rf1b9vp07mgycqoksfesfha81vv7h2ozvohwni8.png\",\"contentUrl\":\"https:\\\/\\\/intralemans.com\\\/wp-content\\\/uploads\\\/elementor\\\/thumbs\\\/KLINLUBEv3-ov4rf1b9vp07mgycqoksfesfha81vv7h2ozvohwni8.png\"},{\"@type\":\"BreadcrumbList\",\"@id\":\"https:\\\/\\\/intralemans.com\\\/nosotros\\\/nuestras-marcas\\\/#breadcrumb\",\"itemListElement\":[{\"@type\":\"ListItem\",\"position\":1,\"name\":\"Portada\",\"item\":\"https:\\\/\\\/intralemans.com\\\/\"},{\"@type\":\"ListItem\",\"position\":2,\"name\":\"Nuestra Empresa\",\"item\":\"https:\\\/\\\/intralemans.com\\\/nosotros\\\/\"},{\"@type\":\"ListItem\",\"position\":3,\"name\":\"Nuestras marcas\"}]},{\"@type\":\"WebSite\",\"@id\":\"https:\\\/\\\/intralemans.com\\\/#website\",\"url\":\"https:\\\/\\\/intralemans.com\\\/\",\"name\":\"Intra Lemans Industries S.A.\",\"description\":\"Intra Lemans Industries S.A.\",\"publisher\":{\"@id\":\"https:\\\/\\\/intralemans.com\\\/#organization\"},\"potentialAction\":[{\"@type\":\"SearchAction\",\"target\":{\"@type\":\"EntryPoint\",\"urlTemplate\":\"https:\\\/\\\/intralemans.com\\\/?s={search_term_string}\"},\"query-input\":{\"@type\":\"PropertyValueSpecification\",\"valueRequired\":true,\"valueName\":\"search_term_string\"}}],\"inLanguage\":\"en-US\"},{\"@type\":\"Organization\",\"@id\":\"https:\\\/\\\/intralemans.com\\\/#organization\",\"name\":\"Intra Lemans Industries S.A.\",\"url\":\"https:\\\/\\\/intralemans.com\\\/\",\"logo\":{\"@type\":\"ImageObject\",\"inLanguage\":\"en-US\",\"@id\":\"https:\\\/\\\/intralemans.com\\\/#\\\/schema\\\/logo\\\/image\\\/\",\"url\":\"https:\\\/\\\/intralemans.com\\\/wp-content\\\/uploads\\\/2020\\\/08\\\/cropped-Logo-Intra-Lemans-v1.png\",\"contentUrl\":\"https:\\\/\\\/intralemans.com\\\/wp-content\\\/uploads\\\/2020\\\/08\\\/cropped-Logo-Intra-Lemans-v1.png\",\"width\":223,\"height\":112,\"caption\":\"Intra Lemans Industries S.A.\"},\"image\":{\"@id\":\"https:\\\/\\\/intralemans.com\\\/#\\\/schema\\\/logo\\\/image\\\/\"}}]}<\/script>\n<!-- \/ Yoast SEO plugin. -->","yoast_head_json":{"title":"Nuestras marcas - Intra Lemans Industries S.A.","robots":{"index":"index","follow":"follow","max-snippet":"max-snippet:-1","max-image-preview":"max-image-preview:large","max-video-preview":"max-video-preview:-1"},"canonical":"https:\/\/intralemans.com\/en\/nosotros\/nuestras-marcas\/","og_locale":"en_US","og_type":"article","og_title":"Nuestras marcas - Intra Lemans Industries S.A.","og_description":"Inicio Entregamos marcas diferenciadas y privilegiadas que brindan soluciones para clientes y usuarios finales. KlinLube cuenta con una amplia variedad de lubricantes ideales para tu veh\u00edculo y accesorios. SEALL es una marca dedicada a la fabricaci\u00f3n de siliconas y sellantes para el motor. Klinfil esta orientada a la fabricaci\u00f3n de filtros y sedimentadores para tus [&hellip;]","og_url":"https:\/\/intralemans.com\/en\/nosotros\/nuestras-marcas\/","og_site_name":"Intra Lemans Industries S.A.","article_modified_time":"2020-10-06T16:57:03+00:00","og_image":[{"url":"https:\/\/intralemans.com\/wp-content\/uploads\/elementor\/thumbs\/KLINLUBEv3-ov4rf1b9vp07mgycqoksfesfha81vv7h2ozvohwni8.png","type":"","width":"","height":""}],"twitter_card":"summary_large_image","schema":{"@context":"https:\/\/schema.org","@graph":[{"@type":"WebPage","@id":"https:\/\/intralemans.com\/nosotros\/nuestras-marcas\/","url":"https:\/\/intralemans.com\/nosotros\/nuestras-marcas\/","name":"Nuestras marcas - Intra Lemans Industries S.A.","isPartOf":{"@id":"https:\/\/intralemans.com\/#website"},"primaryImageOfPage":{"@id":"https:\/\/intralemans.com\/nosotros\/nuestras-marcas\/#primaryimage"},"image":{"@id":"https:\/\/intralemans.com\/nosotros\/nuestras-marcas\/#primaryimage"},"thumbnailUrl":"https:\/\/intralemans.com\/wp-content\/uploads\/elementor\/thumbs\/KLINLUBEv3-ov4rf1b9vp07mgycqoksfesfha81vv7h2ozvohwni8.png","datePublished":"2020-09-25T09:02:10+00:00","dateModified":"2020-10-06T16:57:03+00:00","breadcrumb":{"@id":"https:\/\/intralemans.com\/nosotros\/nuestras-marcas\/#breadcrumb"},"inLanguage":"en-US","potentialAction":[{"@type":"ReadAction","target":["https:\/\/intralemans.com\/nosotros\/nuestras-marcas\/"]}]},{"@type":"ImageObject","inLanguage":"en-US","@id":"https:\/\/intralemans.com\/nosotros\/nuestras-marcas\/#primaryimage","url":"https:\/\/intralemans.com\/wp-content\/uploads\/elementor\/thumbs\/KLINLUBEv3-ov4rf1b9vp07mgycqoksfesfha81vv7h2ozvohwni8.png","contentUrl":"https:\/\/intralemans.com\/wp-content\/uploads\/elementor\/thumbs\/KLINLUBEv3-ov4rf1b9vp07mgycqoksfesfha81vv7h2ozvohwni8.png"},{"@type":"BreadcrumbList","@id":"https:\/\/intralemans.com\/nosotros\/nuestras-marcas\/#breadcrumb","itemListElement":[{"@type":"ListItem","position":1,"name":"Portada","item":"https:\/\/intralemans.com\/"},{"@type":"ListItem","position":2,"name":"Nuestra Empresa","item":"https:\/\/intralemans.com\/nosotros\/"},{"@type":"ListItem","position":3,"name":"Nuestras marcas"}]},{"@type":"WebSite","@id":"https:\/\/intralemans.com\/#website","url":"https:\/\/intralemans.com\/","name":"Intra Lemans Industries S.A.","description":"Intra Lemans Industries S.A.","publisher":{"@id":"https:\/\/intralemans.com\/#organization"},"potentialAction":[{"@type":"SearchAction","target":{"@type":"EntryPoint","urlTemplate":"https:\/\/intralemans.com\/?s={search_term_string}"},"query-input":{"@type":"PropertyValueSpecification","valueRequired":true,"valueName":"search_term_string"}}],"inLanguage":"en-US"},{"@type":"Organization","@id":"https:\/\/intralemans.com\/#organization","name":"Intra Lemans Industries S.A.","url":"https:\/\/intralemans.com\/","logo":{"@type":"ImageObject","inLanguage":"en-US","@id":"https:\/\/intralemans.com\/#\/schema\/logo\/image\/","url":"https:\/\/intralemans.com\/wp-content\/uploads\/2020\/08\/cropped-Logo-Intra-Lemans-v1.png","contentUrl":"https:\/\/intralemans.com\/wp-content\/uploads\/2020\/08\/cropped-Logo-Intra-Lemans-v1.png","width":223,"height":112,"caption":"Intra Lemans Industries S.A."},"image":{"@id":"https:\/\/intralemans.com\/#\/schema\/logo\/image\/"}}]}},"_links":{"self":[{"href":"https:\/\/intralemans.com\/en\/wp-json\/wp\/v2\/pages\/1173","targetHints":{"allow":["GET"]}}],"collection":[{"href":"https:\/\/intralemans.com\/en\/wp-json\/wp\/v2\/pages"}],"about":[{"href":"https:\/\/intralemans.com\/en\/wp-json\/wp\/v2\/types\/page"}],"author":[{"embeddable":true,"href":"https:\/\/intralemans.com\/en\/wp-json\/wp\/v2\/users\/1"}],"replies":[{"embeddable":true,"href":"https:\/\/intralemans.com\/en\/wp-json\/wp\/v2\/comments?post=1173"}],"version-history":[{"count":0,"href":"https:\/\/intralemans.com\/en\/wp-json\/wp\/v2\/pages\/1173\/revisions"}],"up":[{"embeddable":true,"href":"https:\/\/intralemans.com\/en\/wp-json\/wp\/v2\/pages\/2"}],"wp:attachment":[{"href":"https:\/\/intralemans.com\/en\/wp-json\/wp\/v2\/media?parent=1173"}],"curies":[{"name":"wp","href":"https:\/\/api.w.org\/{rel}","templated":true}]}}