{"id":510,"date":"2020-08-26T11:11:32","date_gmt":"2020-08-26T11:11:32","guid":{"rendered":"https:\/\/intralemans.com\/?post_type=product&#038;p=510"},"modified":"2024-05-08T21:07:15","modified_gmt":"2024-05-08T21:07:15","slug":"klinlube-lithium-blue-grease-grande","status":"publish","type":"product","link":"http:\/\/intralemans.com\/en\/product\/klinlube-lithium-blue-grease-grande\/","title":{"rendered":"KLINLUBE Large Blue Lithium Grease"},"content":{"rendered":"<p>Blue Lithium Grease is a superior multipurpose lubricant that is NLGI GC-LB certified. Blue Lithium Grease is a superior multipurpose lubricant that is NLGI GC-LB certified. Recommended for the lubrication of environments subject to heavy loads, high shock loads and bearings.<\/p>\n<p>Lithium grease offers you the following benefits<\/p>\n<ul>\n<li>Excellent perfomance over a wide temperature range<\/li>\n<li>High load carrying-capacity<\/li>\n<li>Long-lasting lubricant.<\/li>\n<li>Excellent wear protection<\/li>\n<li>Protects against rust and corroison.<\/li>\n<li>Excellent resistence to water washout.<\/li>\n<li>NLGI #2<\/li>\n<\/ul>\n<p>MADE IN USA<\/p>\n<p>NET 16 ONZAS \/454 GRAMOS<\/p>","protected":false},"excerpt":{"rendered":"<p>Blue Lithium Grease is a superior multipurpose lubricant that is NLGI GC-LB certified. Blue Lithium Grease is a superior multipurpose lubricant that is NLGI GC-LB certified. Recommended for the lubrication of environments subject to heavy loads, high shock loads and bearings.<\/p>","protected":false},"featured_media":1630,"template":"","meta":[],"product_brand":[],"product_cat":[43],"product_tag":[53],"class_list":{"0":"post-510","1":"product","2":"type-product","3":"status-publish","4":"has-post-thumbnail","6":"product_cat-lubricantes","7":"product_tag-klinlube","9":"first","10":"instock","11":"shipping-taxable","12":"product-type-simple"},"yoast_head":"<!-- This site is optimized with the Yoast SEO plugin v27.3 - https:\/\/yoast.com\/product\/yoast-seo-wordpress\/ -->\n<title>KLINLUBE Lithium Blue Grease Grande - Intra Lemans Industries S.A.<\/title>\n<meta name=\"robots\" content=\"index, follow, max-snippet:-1, max-image-preview:large, max-video-preview:-1\" \/>\n<link rel=\"canonical\" href=\"https:\/\/intralemans.com\/en\/product\/klinlube-lithium-blue-grease-grande\/\" \/>\n<meta property=\"og:locale\" content=\"en_US\" \/>\n<meta property=\"og:type\" content=\"article\" \/>\n<meta property=\"og:title\" content=\"KLINLUBE Lithium Blue Grease Grande - Intra Lemans Industries S.A.\" \/>\n<meta property=\"og:description\" content=\"La grasa de Litio azul es un lubricante multiprop\u00f3sitos superior con certificaci\u00f3n NLGI GC-LB. Recomendado para la lubricaci\u00f3n de entornos sujetos a cargas pesadas, altas cargas y rodamientos.\" \/>\n<meta property=\"og:url\" content=\"https:\/\/intralemans.com\/en\/product\/klinlube-lithium-blue-grease-grande\/\" \/>\n<meta property=\"og:site_name\" content=\"Intra Lemans Industries S.A.\" \/>\n<meta property=\"article:modified_time\" content=\"2024-05-08T21:07:15+00:00\" \/>\n<meta property=\"og:image\" content=\"https:\/\/intralemans.com\/wp-content\/uploads\/2020\/08\/Photoroom_20240508_160528.png\" \/>\n\t<meta property=\"og:image:width\" content=\"600\" \/>\n\t<meta property=\"og:image:height\" content=\"600\" \/>\n\t<meta property=\"og:image:type\" content=\"image\/png\" \/>\n<meta name=\"twitter:card\" content=\"summary_large_image\" \/>\n<meta name=\"twitter:label1\" content=\"Est. reading time\" \/>\n\t<meta name=\"twitter:data1\" content=\"1 minute\" \/>\n<script type=\"application\/ld+json\" class=\"yoast-schema-graph\">{\"@context\":\"https:\\\/\\\/schema.org\",\"@graph\":[{\"@type\":\"WebPage\",\"@id\":\"https:\\\/\\\/intralemans.com\\\/producto\\\/klinlube-lithium-blue-grease-grande\",\"url\":\"https:\\\/\\\/intralemans.com\\\/producto\\\/klinlube-lithium-blue-grease-grande\",\"name\":\"KLINLUBE Lithium Blue Grease Grande - Intra Lemans Industries S.A.\",\"isPartOf\":{\"@id\":\"https:\\\/\\\/intralemans.com\\\/#website\"},\"primaryImageOfPage\":{\"@id\":\"https:\\\/\\\/intralemans.com\\\/producto\\\/klinlube-lithium-blue-grease-grande#primaryimage\"},\"image\":{\"@id\":\"https:\\\/\\\/intralemans.com\\\/producto\\\/klinlube-lithium-blue-grease-grande#primaryimage\"},\"thumbnailUrl\":\"https:\\\/\\\/intralemans.com\\\/wp-content\\\/uploads\\\/2020\\\/08\\\/Photoroom_20240508_160528.png\",\"datePublished\":\"2020-08-26T11:11:32+00:00\",\"dateModified\":\"2024-05-08T21:07:15+00:00\",\"breadcrumb\":{\"@id\":\"https:\\\/\\\/intralemans.com\\\/producto\\\/klinlube-lithium-blue-grease-grande#breadcrumb\"},\"inLanguage\":\"en-US\",\"potentialAction\":[{\"@type\":\"ReadAction\",\"target\":[\"https:\\\/\\\/intralemans.com\\\/producto\\\/klinlube-lithium-blue-grease-grande\"]}]},{\"@type\":\"ImageObject\",\"inLanguage\":\"en-US\",\"@id\":\"https:\\\/\\\/intralemans.com\\\/producto\\\/klinlube-lithium-blue-grease-grande#primaryimage\",\"url\":\"https:\\\/\\\/intralemans.com\\\/wp-content\\\/uploads\\\/2020\\\/08\\\/Photoroom_20240508_160528.png\",\"contentUrl\":\"https:\\\/\\\/intralemans.com\\\/wp-content\\\/uploads\\\/2020\\\/08\\\/Photoroom_20240508_160528.png\",\"width\":600,\"height\":600},{\"@type\":\"BreadcrumbList\",\"@id\":\"https:\\\/\\\/intralemans.com\\\/producto\\\/klinlube-lithium-blue-grease-grande#breadcrumb\",\"itemListElement\":[{\"@type\":\"ListItem\",\"position\":1,\"name\":\"Portada\",\"item\":\"https:\\\/\\\/intralemans.com\\\/\"},{\"@type\":\"ListItem\",\"position\":2,\"name\":\"Productos\",\"item\":\"https:\\\/\\\/intralemans.com\\\/productos\\\/\"},{\"@type\":\"ListItem\",\"position\":3,\"name\":\"KLINLUBE Lithium Blue Grease Grande\"}]},{\"@type\":\"WebSite\",\"@id\":\"https:\\\/\\\/intralemans.com\\\/#website\",\"url\":\"https:\\\/\\\/intralemans.com\\\/\",\"name\":\"Intra Lemans Industries S.A.\",\"description\":\"Intra Lemans Industries S.A.\",\"publisher\":{\"@id\":\"https:\\\/\\\/intralemans.com\\\/#organization\"},\"potentialAction\":[{\"@type\":\"SearchAction\",\"target\":{\"@type\":\"EntryPoint\",\"urlTemplate\":\"https:\\\/\\\/intralemans.com\\\/?s={search_term_string}\"},\"query-input\":{\"@type\":\"PropertyValueSpecification\",\"valueRequired\":true,\"valueName\":\"search_term_string\"}}],\"inLanguage\":\"en-US\"},{\"@type\":\"Organization\",\"@id\":\"https:\\\/\\\/intralemans.com\\\/#organization\",\"name\":\"Intra Lemans Industries S.A.\",\"url\":\"https:\\\/\\\/intralemans.com\\\/\",\"logo\":{\"@type\":\"ImageObject\",\"inLanguage\":\"en-US\",\"@id\":\"https:\\\/\\\/intralemans.com\\\/#\\\/schema\\\/logo\\\/image\\\/\",\"url\":\"https:\\\/\\\/intralemans.com\\\/wp-content\\\/uploads\\\/2020\\\/08\\\/cropped-Logo-Intra-Lemans-v1.png\",\"contentUrl\":\"https:\\\/\\\/intralemans.com\\\/wp-content\\\/uploads\\\/2020\\\/08\\\/cropped-Logo-Intra-Lemans-v1.png\",\"width\":223,\"height\":112,\"caption\":\"Intra Lemans Industries S.A.\"},\"image\":{\"@id\":\"https:\\\/\\\/intralemans.com\\\/#\\\/schema\\\/logo\\\/image\\\/\"}}]}<\/script>\n<!-- \/ Yoast SEO plugin. -->","yoast_head_json":{"title":"KLINLUBE Lithium Blue Grease Grande - Intra Lemans Industries S.A.","robots":{"index":"index","follow":"follow","max-snippet":"max-snippet:-1","max-image-preview":"max-image-preview:large","max-video-preview":"max-video-preview:-1"},"canonical":"https:\/\/intralemans.com\/en\/product\/klinlube-lithium-blue-grease-grande\/","og_locale":"en_US","og_type":"article","og_title":"KLINLUBE Lithium Blue Grease Grande - Intra Lemans Industries S.A.","og_description":"La grasa de Litio azul es un lubricante multiprop\u00f3sitos superior con certificaci\u00f3n NLGI GC-LB. Recomendado para la lubricaci\u00f3n de entornos sujetos a cargas pesadas, altas cargas y rodamientos.","og_url":"https:\/\/intralemans.com\/en\/product\/klinlube-lithium-blue-grease-grande\/","og_site_name":"Intra Lemans Industries S.A.","article_modified_time":"2024-05-08T21:07:15+00:00","og_image":[{"width":600,"height":600,"url":"https:\/\/intralemans.com\/wp-content\/uploads\/2020\/08\/Photoroom_20240508_160528.png","type":"image\/png"}],"twitter_card":"summary_large_image","twitter_misc":{"Est. reading time":"1 minute"},"schema":{"@context":"https:\/\/schema.org","@graph":[{"@type":"WebPage","@id":"https:\/\/intralemans.com\/producto\/klinlube-lithium-blue-grease-grande","url":"https:\/\/intralemans.com\/producto\/klinlube-lithium-blue-grease-grande","name":"KLINLUBE Lithium Blue Grease Grande - Intra Lemans Industries S.A.","isPartOf":{"@id":"https:\/\/intralemans.com\/#website"},"primaryImageOfPage":{"@id":"https:\/\/intralemans.com\/producto\/klinlube-lithium-blue-grease-grande#primaryimage"},"image":{"@id":"https:\/\/intralemans.com\/producto\/klinlube-lithium-blue-grease-grande#primaryimage"},"thumbnailUrl":"https:\/\/intralemans.com\/wp-content\/uploads\/2020\/08\/Photoroom_20240508_160528.png","datePublished":"2020-08-26T11:11:32+00:00","dateModified":"2024-05-08T21:07:15+00:00","breadcrumb":{"@id":"https:\/\/intralemans.com\/producto\/klinlube-lithium-blue-grease-grande#breadcrumb"},"inLanguage":"en-US","potentialAction":[{"@type":"ReadAction","target":["https:\/\/intralemans.com\/producto\/klinlube-lithium-blue-grease-grande"]}]},{"@type":"ImageObject","inLanguage":"en-US","@id":"https:\/\/intralemans.com\/producto\/klinlube-lithium-blue-grease-grande#primaryimage","url":"https:\/\/intralemans.com\/wp-content\/uploads\/2020\/08\/Photoroom_20240508_160528.png","contentUrl":"https:\/\/intralemans.com\/wp-content\/uploads\/2020\/08\/Photoroom_20240508_160528.png","width":600,"height":600},{"@type":"BreadcrumbList","@id":"https:\/\/intralemans.com\/producto\/klinlube-lithium-blue-grease-grande#breadcrumb","itemListElement":[{"@type":"ListItem","position":1,"name":"Portada","item":"https:\/\/intralemans.com\/"},{"@type":"ListItem","position":2,"name":"Productos","item":"https:\/\/intralemans.com\/productos\/"},{"@type":"ListItem","position":3,"name":"KLINLUBE Lithium Blue Grease Grande"}]},{"@type":"WebSite","@id":"https:\/\/intralemans.com\/#website","url":"https:\/\/intralemans.com\/","name":"Intra Lemans Industries S.A.","description":"Intra Lemans Industries S.A.","publisher":{"@id":"https:\/\/intralemans.com\/#organization"},"potentialAction":[{"@type":"SearchAction","target":{"@type":"EntryPoint","urlTemplate":"https:\/\/intralemans.com\/?s={search_term_string}"},"query-input":{"@type":"PropertyValueSpecification","valueRequired":true,"valueName":"search_term_string"}}],"inLanguage":"en-US"},{"@type":"Organization","@id":"https:\/\/intralemans.com\/#organization","name":"Intra Lemans Industries S.A.","url":"https:\/\/intralemans.com\/","logo":{"@type":"ImageObject","inLanguage":"en-US","@id":"https:\/\/intralemans.com\/#\/schema\/logo\/image\/","url":"https:\/\/intralemans.com\/wp-content\/uploads\/2020\/08\/cropped-Logo-Intra-Lemans-v1.png","contentUrl":"https:\/\/intralemans.com\/wp-content\/uploads\/2020\/08\/cropped-Logo-Intra-Lemans-v1.png","width":223,"height":112,"caption":"Intra Lemans Industries S.A."},"image":{"@id":"https:\/\/intralemans.com\/#\/schema\/logo\/image\/"}}]}},"_links":{"self":[{"href":"http:\/\/intralemans.com\/en\/wp-json\/wp\/v2\/product\/510","targetHints":{"allow":["GET"]}}],"collection":[{"href":"http:\/\/intralemans.com\/en\/wp-json\/wp\/v2\/product"}],"about":[{"href":"http:\/\/intralemans.com\/en\/wp-json\/wp\/v2\/types\/product"}],"version-history":[{"count":0,"href":"http:\/\/intralemans.com\/en\/wp-json\/wp\/v2\/product\/510\/revisions"}],"wp:featuredmedia":[{"embeddable":true,"href":"http:\/\/intralemans.com\/en\/wp-json\/wp\/v2\/media\/1630"}],"wp:attachment":[{"href":"http:\/\/intralemans.com\/en\/wp-json\/wp\/v2\/media?parent=510"}],"wp:term":[{"taxonomy":"product_brand","embeddable":true,"href":"http:\/\/intralemans.com\/en\/wp-json\/wp\/v2\/product_brand?post=510"},{"taxonomy":"product_cat","embeddable":true,"href":"http:\/\/intralemans.com\/en\/wp-json\/wp\/v2\/product_cat?post=510"},{"taxonomy":"product_tag","embeddable":true,"href":"http:\/\/intralemans.com\/en\/wp-json\/wp\/v2\/product_tag?post=510"}],"curies":[{"name":"wp","href":"https:\/\/api.w.org\/{rel}","templated":true}]}}