{"id":500,"date":"2020-08-26T01:01:38","date_gmt":"2020-08-26T01:01:38","guid":{"rendered":"https:\/\/intralemans.com\/?post_type=product&#038;p=500"},"modified":"2023-05-11T04:17:31","modified_gmt":"2023-05-11T04:17:31","slug":"klinkar-silicona-protectora","status":"publish","type":"product","link":"http:\/\/intralemans.com\/en\/product\/klinkar-silicona-protectora\/","title":{"rendered":"Klinkar Protective Silicone"},"content":{"rendered":"<p>La calidad de los productos KLINKAR est\u00e1 garantizada debido a que en todo el proceso de fabricaci\u00f3n de nuestras ceras utilizamos la CARNAUBA que es una materia prima natural importada desde Brasil y es utilizada por las mejores fabricas de ceras del mundo que hacen productos de calidad para el embellecimiento del autom\u00f3vil.<\/p>\n<p>La Silicona KLINKAR se elabora con una f\u00f3rmula exclusiva que brinda m\u00e1xima protecci\u00f3n, brillo natural y secado r\u00e1pido a superficies de cuero, semicuero, vinil, fibra de vidrio, pl\u00e1stico, plexiglas, cromos, madera, cer\u00e1mica, etc., tanto en el interior como en el exterior de su veh\u00edculo.<\/p>\n<p>Sus finos ingredientes protegen de los efectos del sol, evitando que su tablero y otras superficies se resequen y agrieten. Exteriormente, limpia y da brillo a parachoques y molduras, as\u00ed como tambi\u00e9n sirve como excelente lubricante de madera, metal y pl\u00e1stico.<\/p>","protected":false},"excerpt":{"rendered":"<p>F\u00f3rmula exclusiva que brinda m\u00e1xima protecci\u00f3n<\/p>","protected":false},"featured_media":1550,"template":"","meta":[],"product_brand":[],"product_cat":[45],"product_tag":[51],"class_list":{"0":"post-500","1":"product","2":"type-product","3":"status-publish","4":"has-post-thumbnail","6":"product_cat-cuidado-del-carro","7":"product_tag-klinkar","9":"first","10":"instock","11":"shipping-taxable","12":"product-type-simple"},"yoast_head":"<!-- This site is optimized with the Yoast SEO plugin v27.3 - https:\/\/yoast.com\/product\/yoast-seo-wordpress\/ -->\n<title>Klinkar Silicona Protectora - Intra Lemans Industries S.A.<\/title>\n<meta name=\"robots\" content=\"index, follow, max-snippet:-1, max-image-preview:large, max-video-preview:-1\" \/>\n<link rel=\"canonical\" href=\"https:\/\/intralemans.com\/en\/product\/klinkar-silicona-protectora\/\" \/>\n<meta property=\"og:locale\" content=\"en_US\" \/>\n<meta property=\"og:type\" content=\"article\" \/>\n<meta property=\"og:title\" content=\"Klinkar Silicona Protectora - Intra Lemans Industries S.A.\" \/>\n<meta property=\"og:description\" content=\"F\u00f3rmula exclusiva que brinda m\u00e1xima protecci\u00f3n\" \/>\n<meta property=\"og:url\" content=\"https:\/\/intralemans.com\/en\/product\/klinkar-silicona-protectora\/\" \/>\n<meta property=\"og:site_name\" content=\"Intra Lemans Industries S.A.\" \/>\n<meta property=\"article:modified_time\" content=\"2023-05-11T04:17:31+00:00\" \/>\n<meta property=\"og:image\" content=\"https:\/\/intralemans.com\/wp-content\/uploads\/2020\/08\/KLINKAR-SILICONA-PROTECTORA-NEW-CAR.jpeg\" \/>\n\t<meta property=\"og:image:width\" content=\"1080\" \/>\n\t<meta property=\"og:image:height\" content=\"1080\" \/>\n\t<meta property=\"og:image:type\" content=\"image\/jpeg\" \/>\n<meta name=\"twitter:card\" content=\"summary_large_image\" \/>\n<meta name=\"twitter:label1\" content=\"Est. reading time\" \/>\n\t<meta name=\"twitter:data1\" content=\"1 minute\" \/>\n<script type=\"application\/ld+json\" class=\"yoast-schema-graph\">{\"@context\":\"https:\\\/\\\/schema.org\",\"@graph\":[{\"@type\":\"WebPage\",\"@id\":\"https:\\\/\\\/intralemans.com\\\/producto\\\/klinkar-silicona-protectora\",\"url\":\"https:\\\/\\\/intralemans.com\\\/producto\\\/klinkar-silicona-protectora\",\"name\":\"Klinkar Silicona Protectora - Intra Lemans Industries S.A.\",\"isPartOf\":{\"@id\":\"https:\\\/\\\/intralemans.com\\\/#website\"},\"primaryImageOfPage\":{\"@id\":\"https:\\\/\\\/intralemans.com\\\/producto\\\/klinkar-silicona-protectora#primaryimage\"},\"image\":{\"@id\":\"https:\\\/\\\/intralemans.com\\\/producto\\\/klinkar-silicona-protectora#primaryimage\"},\"thumbnailUrl\":\"https:\\\/\\\/intralemans.com\\\/wp-content\\\/uploads\\\/2020\\\/08\\\/KLINKAR-SILICONA-PROTECTORA-NEW-CAR.jpeg\",\"datePublished\":\"2020-08-26T01:01:38+00:00\",\"dateModified\":\"2023-05-11T04:17:31+00:00\",\"breadcrumb\":{\"@id\":\"https:\\\/\\\/intralemans.com\\\/producto\\\/klinkar-silicona-protectora#breadcrumb\"},\"inLanguage\":\"en-US\",\"potentialAction\":[{\"@type\":\"ReadAction\",\"target\":[\"https:\\\/\\\/intralemans.com\\\/producto\\\/klinkar-silicona-protectora\"]}]},{\"@type\":\"ImageObject\",\"inLanguage\":\"en-US\",\"@id\":\"https:\\\/\\\/intralemans.com\\\/producto\\\/klinkar-silicona-protectora#primaryimage\",\"url\":\"https:\\\/\\\/intralemans.com\\\/wp-content\\\/uploads\\\/2020\\\/08\\\/KLINKAR-SILICONA-PROTECTORA-NEW-CAR.jpeg\",\"contentUrl\":\"https:\\\/\\\/intralemans.com\\\/wp-content\\\/uploads\\\/2020\\\/08\\\/KLINKAR-SILICONA-PROTECTORA-NEW-CAR.jpeg\",\"width\":1080,\"height\":1080},{\"@type\":\"BreadcrumbList\",\"@id\":\"https:\\\/\\\/intralemans.com\\\/producto\\\/klinkar-silicona-protectora#breadcrumb\",\"itemListElement\":[{\"@type\":\"ListItem\",\"position\":1,\"name\":\"Portada\",\"item\":\"https:\\\/\\\/intralemans.com\\\/\"},{\"@type\":\"ListItem\",\"position\":2,\"name\":\"Productos\",\"item\":\"https:\\\/\\\/intralemans.com\\\/productos\\\/\"},{\"@type\":\"ListItem\",\"position\":3,\"name\":\"Klinkar Silicona Protectora\"}]},{\"@type\":\"WebSite\",\"@id\":\"https:\\\/\\\/intralemans.com\\\/#website\",\"url\":\"https:\\\/\\\/intralemans.com\\\/\",\"name\":\"Intra Lemans Industries S.A.\",\"description\":\"Intra Lemans Industries S.A.\",\"publisher\":{\"@id\":\"https:\\\/\\\/intralemans.com\\\/#organization\"},\"potentialAction\":[{\"@type\":\"SearchAction\",\"target\":{\"@type\":\"EntryPoint\",\"urlTemplate\":\"https:\\\/\\\/intralemans.com\\\/?s={search_term_string}\"},\"query-input\":{\"@type\":\"PropertyValueSpecification\",\"valueRequired\":true,\"valueName\":\"search_term_string\"}}],\"inLanguage\":\"en-US\"},{\"@type\":\"Organization\",\"@id\":\"https:\\\/\\\/intralemans.com\\\/#organization\",\"name\":\"Intra Lemans Industries S.A.\",\"url\":\"https:\\\/\\\/intralemans.com\\\/\",\"logo\":{\"@type\":\"ImageObject\",\"inLanguage\":\"en-US\",\"@id\":\"https:\\\/\\\/intralemans.com\\\/#\\\/schema\\\/logo\\\/image\\\/\",\"url\":\"https:\\\/\\\/intralemans.com\\\/wp-content\\\/uploads\\\/2020\\\/08\\\/cropped-Logo-Intra-Lemans-v1.png\",\"contentUrl\":\"https:\\\/\\\/intralemans.com\\\/wp-content\\\/uploads\\\/2020\\\/08\\\/cropped-Logo-Intra-Lemans-v1.png\",\"width\":223,\"height\":112,\"caption\":\"Intra Lemans Industries S.A.\"},\"image\":{\"@id\":\"https:\\\/\\\/intralemans.com\\\/#\\\/schema\\\/logo\\\/image\\\/\"}}]}<\/script>\n<!-- \/ Yoast SEO plugin. -->","yoast_head_json":{"title":"Klinkar Silicona Protectora - Intra Lemans Industries S.A.","robots":{"index":"index","follow":"follow","max-snippet":"max-snippet:-1","max-image-preview":"max-image-preview:large","max-video-preview":"max-video-preview:-1"},"canonical":"https:\/\/intralemans.com\/en\/product\/klinkar-silicona-protectora\/","og_locale":"en_US","og_type":"article","og_title":"Klinkar Silicona Protectora - Intra Lemans Industries S.A.","og_description":"F\u00f3rmula exclusiva que brinda m\u00e1xima protecci\u00f3n","og_url":"https:\/\/intralemans.com\/en\/product\/klinkar-silicona-protectora\/","og_site_name":"Intra Lemans Industries S.A.","article_modified_time":"2023-05-11T04:17:31+00:00","og_image":[{"width":1080,"height":1080,"url":"https:\/\/intralemans.com\/wp-content\/uploads\/2020\/08\/KLINKAR-SILICONA-PROTECTORA-NEW-CAR.jpeg","type":"image\/jpeg"}],"twitter_card":"summary_large_image","twitter_misc":{"Est. reading time":"1 minute"},"schema":{"@context":"https:\/\/schema.org","@graph":[{"@type":"WebPage","@id":"https:\/\/intralemans.com\/producto\/klinkar-silicona-protectora","url":"https:\/\/intralemans.com\/producto\/klinkar-silicona-protectora","name":"Klinkar Silicona Protectora - Intra Lemans Industries S.A.","isPartOf":{"@id":"https:\/\/intralemans.com\/#website"},"primaryImageOfPage":{"@id":"https:\/\/intralemans.com\/producto\/klinkar-silicona-protectora#primaryimage"},"image":{"@id":"https:\/\/intralemans.com\/producto\/klinkar-silicona-protectora#primaryimage"},"thumbnailUrl":"https:\/\/intralemans.com\/wp-content\/uploads\/2020\/08\/KLINKAR-SILICONA-PROTECTORA-NEW-CAR.jpeg","datePublished":"2020-08-26T01:01:38+00:00","dateModified":"2023-05-11T04:17:31+00:00","breadcrumb":{"@id":"https:\/\/intralemans.com\/producto\/klinkar-silicona-protectora#breadcrumb"},"inLanguage":"en-US","potentialAction":[{"@type":"ReadAction","target":["https:\/\/intralemans.com\/producto\/klinkar-silicona-protectora"]}]},{"@type":"ImageObject","inLanguage":"en-US","@id":"https:\/\/intralemans.com\/producto\/klinkar-silicona-protectora#primaryimage","url":"https:\/\/intralemans.com\/wp-content\/uploads\/2020\/08\/KLINKAR-SILICONA-PROTECTORA-NEW-CAR.jpeg","contentUrl":"https:\/\/intralemans.com\/wp-content\/uploads\/2020\/08\/KLINKAR-SILICONA-PROTECTORA-NEW-CAR.jpeg","width":1080,"height":1080},{"@type":"BreadcrumbList","@id":"https:\/\/intralemans.com\/producto\/klinkar-silicona-protectora#breadcrumb","itemListElement":[{"@type":"ListItem","position":1,"name":"Portada","item":"https:\/\/intralemans.com\/"},{"@type":"ListItem","position":2,"name":"Productos","item":"https:\/\/intralemans.com\/productos\/"},{"@type":"ListItem","position":3,"name":"Klinkar Silicona Protectora"}]},{"@type":"WebSite","@id":"https:\/\/intralemans.com\/#website","url":"https:\/\/intralemans.com\/","name":"Intra Lemans Industries S.A.","description":"Intra Lemans Industries S.A.","publisher":{"@id":"https:\/\/intralemans.com\/#organization"},"potentialAction":[{"@type":"SearchAction","target":{"@type":"EntryPoint","urlTemplate":"https:\/\/intralemans.com\/?s={search_term_string}"},"query-input":{"@type":"PropertyValueSpecification","valueRequired":true,"valueName":"search_term_string"}}],"inLanguage":"en-US"},{"@type":"Organization","@id":"https:\/\/intralemans.com\/#organization","name":"Intra Lemans Industries S.A.","url":"https:\/\/intralemans.com\/","logo":{"@type":"ImageObject","inLanguage":"en-US","@id":"https:\/\/intralemans.com\/#\/schema\/logo\/image\/","url":"https:\/\/intralemans.com\/wp-content\/uploads\/2020\/08\/cropped-Logo-Intra-Lemans-v1.png","contentUrl":"https:\/\/intralemans.com\/wp-content\/uploads\/2020\/08\/cropped-Logo-Intra-Lemans-v1.png","width":223,"height":112,"caption":"Intra Lemans Industries S.A."},"image":{"@id":"https:\/\/intralemans.com\/#\/schema\/logo\/image\/"}}]}},"_links":{"self":[{"href":"http:\/\/intralemans.com\/en\/wp-json\/wp\/v2\/product\/500","targetHints":{"allow":["GET"]}}],"collection":[{"href":"http:\/\/intralemans.com\/en\/wp-json\/wp\/v2\/product"}],"about":[{"href":"http:\/\/intralemans.com\/en\/wp-json\/wp\/v2\/types\/product"}],"version-history":[{"count":0,"href":"http:\/\/intralemans.com\/en\/wp-json\/wp\/v2\/product\/500\/revisions"}],"wp:featuredmedia":[{"embeddable":true,"href":"http:\/\/intralemans.com\/en\/wp-json\/wp\/v2\/media\/1550"}],"wp:attachment":[{"href":"http:\/\/intralemans.com\/en\/wp-json\/wp\/v2\/media?parent=500"}],"wp:term":[{"taxonomy":"product_brand","embeddable":true,"href":"http:\/\/intralemans.com\/en\/wp-json\/wp\/v2\/product_brand?post=500"},{"taxonomy":"product_cat","embeddable":true,"href":"http:\/\/intralemans.com\/en\/wp-json\/wp\/v2\/product_cat?post=500"},{"taxonomy":"product_tag","embeddable":true,"href":"http:\/\/intralemans.com\/en\/wp-json\/wp\/v2\/product_tag?post=500"}],"curies":[{"name":"wp","href":"https:\/\/api.w.org\/{rel}","templated":true}]}}