{"id":490,"date":"2020-08-26T00:46:02","date_gmt":"2020-08-26T00:46:02","guid":{"rendered":"https:\/\/intralemans.com\/?post_type=product&#038;p=490"},"modified":"2020-10-12T16:50:53","modified_gmt":"2020-10-12T16:50:53","slug":"klinkar-espuma-limpiadora-de-llantas","status":"publish","type":"product","link":"http:\/\/intralemans.com\/en\/product\/klinkar-espuma-limpiadora-de-llantas\/","title":{"rendered":"Klinkar Tire Cleaning Foam"},"content":{"rendered":"<p>La calidad de los productos KLINKAR est\u00e1 garantizada debido a que en todo el proceso de fabricaci\u00f3n de nuestras ceras utilizamos la CARNAUBA que es una materia prima natural importada desde Brasil y es utilizada por las mejores fabricas de ceras del mundo que hacen productos de calidad para el embellecimiento del autom\u00f3vil.<\/p>\n<p>Espuma que trabaja sola en forma autom\u00e1tica. Limpia, renueva y da brillo por m\u00e1s tiempo, sin frotar. \u00daselo en llantas, aros, rines, parachoques de caucho o pl\u00e1stico y otras molduras de material sint\u00e9tico.<\/p>","protected":false},"excerpt":{"rendered":"<p>Renovador de llantas, aros o rines.<\/p>","protected":false},"featured_media":1272,"template":"","meta":[],"product_brand":[],"product_cat":[45],"product_tag":[51],"class_list":{"0":"post-490","1":"product","2":"type-product","3":"status-publish","4":"has-post-thumbnail","6":"product_cat-cuidado-del-carro","7":"product_tag-klinkar","9":"first","10":"instock","11":"shipping-taxable","12":"product-type-simple"},"yoast_head":"<!-- This site is optimized with the Yoast SEO plugin v27.3 - https:\/\/yoast.com\/product\/yoast-seo-wordpress\/ -->\n<title>Klinkar Espuma Limpiadora de LLantas - Intra Lemans Industries S.A.<\/title>\n<meta name=\"robots\" content=\"index, follow, max-snippet:-1, max-image-preview:large, max-video-preview:-1\" \/>\n<link rel=\"canonical\" href=\"https:\/\/intralemans.com\/en\/product\/klinkar-espuma-limpiadora-de-llantas\/\" \/>\n<meta property=\"og:locale\" content=\"en_US\" \/>\n<meta property=\"og:type\" content=\"article\" \/>\n<meta property=\"og:title\" content=\"Klinkar Espuma Limpiadora de LLantas - Intra Lemans Industries S.A.\" \/>\n<meta property=\"og:description\" content=\"Renovador de llantas, aros o rines.\" \/>\n<meta property=\"og:url\" content=\"https:\/\/intralemans.com\/en\/product\/klinkar-espuma-limpiadora-de-llantas\/\" \/>\n<meta property=\"og:site_name\" content=\"Intra Lemans Industries S.A.\" \/>\n<meta property=\"article:modified_time\" content=\"2020-10-12T16:50:53+00:00\" \/>\n<meta property=\"og:image\" content=\"https:\/\/intralemans.com\/wp-content\/uploads\/2020\/08\/61.png\" \/>\n\t<meta property=\"og:image:width\" content=\"800\" \/>\n\t<meta property=\"og:image:height\" content=\"800\" \/>\n\t<meta property=\"og:image:type\" content=\"image\/png\" \/>\n<meta name=\"twitter:card\" content=\"summary_large_image\" \/>\n<script type=\"application\/ld+json\" class=\"yoast-schema-graph\">{\"@context\":\"https:\\\/\\\/schema.org\",\"@graph\":[{\"@type\":\"WebPage\",\"@id\":\"https:\\\/\\\/intralemans.com\\\/producto\\\/klinkar-espuma-limpiadora-de-llantas\",\"url\":\"https:\\\/\\\/intralemans.com\\\/producto\\\/klinkar-espuma-limpiadora-de-llantas\",\"name\":\"Klinkar Espuma Limpiadora de LLantas - Intra Lemans Industries S.A.\",\"isPartOf\":{\"@id\":\"https:\\\/\\\/intralemans.com\\\/#website\"},\"primaryImageOfPage\":{\"@id\":\"https:\\\/\\\/intralemans.com\\\/producto\\\/klinkar-espuma-limpiadora-de-llantas#primaryimage\"},\"image\":{\"@id\":\"https:\\\/\\\/intralemans.com\\\/producto\\\/klinkar-espuma-limpiadora-de-llantas#primaryimage\"},\"thumbnailUrl\":\"https:\\\/\\\/intralemans.com\\\/wp-content\\\/uploads\\\/2020\\\/08\\\/61.png\",\"datePublished\":\"2020-08-26T00:46:02+00:00\",\"dateModified\":\"2020-10-12T16:50:53+00:00\",\"breadcrumb\":{\"@id\":\"https:\\\/\\\/intralemans.com\\\/producto\\\/klinkar-espuma-limpiadora-de-llantas#breadcrumb\"},\"inLanguage\":\"en-US\",\"potentialAction\":[{\"@type\":\"ReadAction\",\"target\":[\"https:\\\/\\\/intralemans.com\\\/producto\\\/klinkar-espuma-limpiadora-de-llantas\"]}]},{\"@type\":\"ImageObject\",\"inLanguage\":\"en-US\",\"@id\":\"https:\\\/\\\/intralemans.com\\\/producto\\\/klinkar-espuma-limpiadora-de-llantas#primaryimage\",\"url\":\"https:\\\/\\\/intralemans.com\\\/wp-content\\\/uploads\\\/2020\\\/08\\\/61.png\",\"contentUrl\":\"https:\\\/\\\/intralemans.com\\\/wp-content\\\/uploads\\\/2020\\\/08\\\/61.png\",\"width\":800,\"height\":800},{\"@type\":\"BreadcrumbList\",\"@id\":\"https:\\\/\\\/intralemans.com\\\/producto\\\/klinkar-espuma-limpiadora-de-llantas#breadcrumb\",\"itemListElement\":[{\"@type\":\"ListItem\",\"position\":1,\"name\":\"Portada\",\"item\":\"https:\\\/\\\/intralemans.com\\\/\"},{\"@type\":\"ListItem\",\"position\":2,\"name\":\"Productos\",\"item\":\"https:\\\/\\\/intralemans.com\\\/productos\\\/\"},{\"@type\":\"ListItem\",\"position\":3,\"name\":\"Klinkar Espuma Limpiadora de LLantas\"}]},{\"@type\":\"WebSite\",\"@id\":\"https:\\\/\\\/intralemans.com\\\/#website\",\"url\":\"https:\\\/\\\/intralemans.com\\\/\",\"name\":\"Intra Lemans Industries S.A.\",\"description\":\"Intra Lemans Industries S.A.\",\"publisher\":{\"@id\":\"https:\\\/\\\/intralemans.com\\\/#organization\"},\"potentialAction\":[{\"@type\":\"SearchAction\",\"target\":{\"@type\":\"EntryPoint\",\"urlTemplate\":\"https:\\\/\\\/intralemans.com\\\/?s={search_term_string}\"},\"query-input\":{\"@type\":\"PropertyValueSpecification\",\"valueRequired\":true,\"valueName\":\"search_term_string\"}}],\"inLanguage\":\"en-US\"},{\"@type\":\"Organization\",\"@id\":\"https:\\\/\\\/intralemans.com\\\/#organization\",\"name\":\"Intra Lemans Industries S.A.\",\"url\":\"https:\\\/\\\/intralemans.com\\\/\",\"logo\":{\"@type\":\"ImageObject\",\"inLanguage\":\"en-US\",\"@id\":\"https:\\\/\\\/intralemans.com\\\/#\\\/schema\\\/logo\\\/image\\\/\",\"url\":\"https:\\\/\\\/intralemans.com\\\/wp-content\\\/uploads\\\/2020\\\/08\\\/cropped-Logo-Intra-Lemans-v1.png\",\"contentUrl\":\"https:\\\/\\\/intralemans.com\\\/wp-content\\\/uploads\\\/2020\\\/08\\\/cropped-Logo-Intra-Lemans-v1.png\",\"width\":223,\"height\":112,\"caption\":\"Intra Lemans Industries S.A.\"},\"image\":{\"@id\":\"https:\\\/\\\/intralemans.com\\\/#\\\/schema\\\/logo\\\/image\\\/\"}}]}<\/script>\n<!-- \/ Yoast SEO plugin. -->","yoast_head_json":{"title":"Klinkar Espuma Limpiadora de LLantas - Intra Lemans Industries S.A.","robots":{"index":"index","follow":"follow","max-snippet":"max-snippet:-1","max-image-preview":"max-image-preview:large","max-video-preview":"max-video-preview:-1"},"canonical":"https:\/\/intralemans.com\/en\/product\/klinkar-espuma-limpiadora-de-llantas\/","og_locale":"en_US","og_type":"article","og_title":"Klinkar Espuma Limpiadora de LLantas - Intra Lemans Industries S.A.","og_description":"Renovador de llantas, aros o rines.","og_url":"https:\/\/intralemans.com\/en\/product\/klinkar-espuma-limpiadora-de-llantas\/","og_site_name":"Intra Lemans Industries S.A.","article_modified_time":"2020-10-12T16:50:53+00:00","og_image":[{"width":800,"height":800,"url":"https:\/\/intralemans.com\/wp-content\/uploads\/2020\/08\/61.png","type":"image\/png"}],"twitter_card":"summary_large_image","schema":{"@context":"https:\/\/schema.org","@graph":[{"@type":"WebPage","@id":"https:\/\/intralemans.com\/producto\/klinkar-espuma-limpiadora-de-llantas","url":"https:\/\/intralemans.com\/producto\/klinkar-espuma-limpiadora-de-llantas","name":"Klinkar Espuma Limpiadora de LLantas - Intra Lemans Industries S.A.","isPartOf":{"@id":"https:\/\/intralemans.com\/#website"},"primaryImageOfPage":{"@id":"https:\/\/intralemans.com\/producto\/klinkar-espuma-limpiadora-de-llantas#primaryimage"},"image":{"@id":"https:\/\/intralemans.com\/producto\/klinkar-espuma-limpiadora-de-llantas#primaryimage"},"thumbnailUrl":"https:\/\/intralemans.com\/wp-content\/uploads\/2020\/08\/61.png","datePublished":"2020-08-26T00:46:02+00:00","dateModified":"2020-10-12T16:50:53+00:00","breadcrumb":{"@id":"https:\/\/intralemans.com\/producto\/klinkar-espuma-limpiadora-de-llantas#breadcrumb"},"inLanguage":"en-US","potentialAction":[{"@type":"ReadAction","target":["https:\/\/intralemans.com\/producto\/klinkar-espuma-limpiadora-de-llantas"]}]},{"@type":"ImageObject","inLanguage":"en-US","@id":"https:\/\/intralemans.com\/producto\/klinkar-espuma-limpiadora-de-llantas#primaryimage","url":"https:\/\/intralemans.com\/wp-content\/uploads\/2020\/08\/61.png","contentUrl":"https:\/\/intralemans.com\/wp-content\/uploads\/2020\/08\/61.png","width":800,"height":800},{"@type":"BreadcrumbList","@id":"https:\/\/intralemans.com\/producto\/klinkar-espuma-limpiadora-de-llantas#breadcrumb","itemListElement":[{"@type":"ListItem","position":1,"name":"Portada","item":"https:\/\/intralemans.com\/"},{"@type":"ListItem","position":2,"name":"Productos","item":"https:\/\/intralemans.com\/productos\/"},{"@type":"ListItem","position":3,"name":"Klinkar Espuma Limpiadora de LLantas"}]},{"@type":"WebSite","@id":"https:\/\/intralemans.com\/#website","url":"https:\/\/intralemans.com\/","name":"Intra Lemans Industries S.A.","description":"Intra Lemans Industries S.A.","publisher":{"@id":"https:\/\/intralemans.com\/#organization"},"potentialAction":[{"@type":"SearchAction","target":{"@type":"EntryPoint","urlTemplate":"https:\/\/intralemans.com\/?s={search_term_string}"},"query-input":{"@type":"PropertyValueSpecification","valueRequired":true,"valueName":"search_term_string"}}],"inLanguage":"en-US"},{"@type":"Organization","@id":"https:\/\/intralemans.com\/#organization","name":"Intra Lemans Industries S.A.","url":"https:\/\/intralemans.com\/","logo":{"@type":"ImageObject","inLanguage":"en-US","@id":"https:\/\/intralemans.com\/#\/schema\/logo\/image\/","url":"https:\/\/intralemans.com\/wp-content\/uploads\/2020\/08\/cropped-Logo-Intra-Lemans-v1.png","contentUrl":"https:\/\/intralemans.com\/wp-content\/uploads\/2020\/08\/cropped-Logo-Intra-Lemans-v1.png","width":223,"height":112,"caption":"Intra Lemans Industries S.A."},"image":{"@id":"https:\/\/intralemans.com\/#\/schema\/logo\/image\/"}}]}},"_links":{"self":[{"href":"http:\/\/intralemans.com\/en\/wp-json\/wp\/v2\/product\/490","targetHints":{"allow":["GET"]}}],"collection":[{"href":"http:\/\/intralemans.com\/en\/wp-json\/wp\/v2\/product"}],"about":[{"href":"http:\/\/intralemans.com\/en\/wp-json\/wp\/v2\/types\/product"}],"version-history":[{"count":0,"href":"http:\/\/intralemans.com\/en\/wp-json\/wp\/v2\/product\/490\/revisions"}],"wp:featuredmedia":[{"embeddable":true,"href":"http:\/\/intralemans.com\/en\/wp-json\/wp\/v2\/media\/1272"}],"wp:attachment":[{"href":"http:\/\/intralemans.com\/en\/wp-json\/wp\/v2\/media?parent=490"}],"wp:term":[{"taxonomy":"product_brand","embeddable":true,"href":"http:\/\/intralemans.com\/en\/wp-json\/wp\/v2\/product_brand?post=490"},{"taxonomy":"product_cat","embeddable":true,"href":"http:\/\/intralemans.com\/en\/wp-json\/wp\/v2\/product_cat?post=490"},{"taxonomy":"product_tag","embeddable":true,"href":"http:\/\/intralemans.com\/en\/wp-json\/wp\/v2\/product_tag?post=490"}],"curies":[{"name":"wp","href":"https:\/\/api.w.org\/{rel}","templated":true}]}}