{"id":270,"date":"2020-08-24T20:50:15","date_gmt":"2020-08-24T20:50:15","guid":{"rendered":"https:\/\/intralemans.com\/?post_type=product&#038;p=270"},"modified":"2023-02-09T20:25:27","modified_gmt":"2023-02-09T20:25:27","slug":"klinfil-filtro-de-combustible","status":"publish","type":"product","link":"http:\/\/intralemans.com\/en\/product\/klinfil-filtro-de-combustible\/","title":{"rendered":"KLINFIL Fuel Filter"},"content":{"rendered":"<p>KLINFIL fuel filters prevent the entry of dirt, dust, moisture, rust and wax particles into the injection and fuel system of your vehicle.<\/p>\n<p>We have a variety of filters for all car brands such as Toyota, Nissan, Susuki, Mazda, Chevrolet, Fiat, Ford, Honda, Hyundai, Isuzu, Kia, Lexus, Mitsubishi, Volvo, etc. It is recommended to change your fuel filter every 17,000 miles \/ 73,000 km<\/p>","protected":false},"excerpt":{"rendered":"<p>KLINFIL fuel filters prevent the entry of dirt, dust, moisture, rust and wax particles into the injection and fuel system of your vehicle.<\/p>","protected":false},"featured_media":1230,"template":"","meta":[],"product_brand":[],"product_cat":[45,56],"product_tag":[55],"class_list":{"0":"post-270","1":"product","2":"type-product","3":"status-publish","4":"has-post-thumbnail","6":"product_cat-cuidado-del-carro","7":"product_cat-filtros","8":"product_tag-klinfil","10":"first","11":"instock","12":"shipping-taxable","13":"product-type-simple"},"yoast_head":"<!-- This site is optimized with the Yoast SEO plugin v27.3 - https:\/\/yoast.com\/product\/yoast-seo-wordpress\/ -->\n<title>KLINFIL Filtro de Combustible - Intra Lemans Industries S.A.<\/title>\n<meta name=\"robots\" content=\"index, follow, max-snippet:-1, max-image-preview:large, max-video-preview:-1\" \/>\n<link rel=\"canonical\" href=\"https:\/\/intralemans.com\/en\/product\/klinfil-filtro-de-combustible\/\" \/>\n<meta property=\"og:locale\" content=\"en_US\" \/>\n<meta property=\"og:type\" content=\"article\" \/>\n<meta property=\"og:title\" content=\"KLINFIL Filtro de Combustible - Intra Lemans Industries S.A.\" \/>\n<meta property=\"og:description\" content=\"Los filtros de combustible KLINFIL evitan el ingreso de part\u00edculas de suciedad, polvo, humedad, oxido y ceras al sistema de inyecci\u00f3n y combustible de tu veh\u00edculo.\" \/>\n<meta property=\"og:url\" content=\"https:\/\/intralemans.com\/en\/product\/klinfil-filtro-de-combustible\/\" \/>\n<meta property=\"og:site_name\" content=\"Intra Lemans Industries S.A.\" \/>\n<meta property=\"article:modified_time\" content=\"2023-02-09T20:25:27+00:00\" \/>\n<meta property=\"og:image\" content=\"https:\/\/intralemans.com\/wp-content\/uploads\/2020\/08\/41-1.png\" \/>\n\t<meta property=\"og:image:width\" content=\"800\" \/>\n\t<meta property=\"og:image:height\" content=\"800\" \/>\n\t<meta property=\"og:image:type\" content=\"image\/png\" \/>\n<meta name=\"twitter:card\" content=\"summary_large_image\" \/>\n<meta name=\"twitter:label1\" content=\"Est. reading time\" \/>\n\t<meta name=\"twitter:data1\" content=\"1 minute\" \/>\n<script type=\"application\/ld+json\" class=\"yoast-schema-graph\">{\"@context\":\"https:\\\/\\\/schema.org\",\"@graph\":[{\"@type\":\"WebPage\",\"@id\":\"https:\\\/\\\/intralemans.com\\\/producto\\\/klinfil-filtro-de-combustible\",\"url\":\"https:\\\/\\\/intralemans.com\\\/producto\\\/klinfil-filtro-de-combustible\",\"name\":\"KLINFIL Filtro de Combustible - Intra Lemans Industries S.A.\",\"isPartOf\":{\"@id\":\"https:\\\/\\\/intralemans.com\\\/#website\"},\"primaryImageOfPage\":{\"@id\":\"https:\\\/\\\/intralemans.com\\\/producto\\\/klinfil-filtro-de-combustible#primaryimage\"},\"image\":{\"@id\":\"https:\\\/\\\/intralemans.com\\\/producto\\\/klinfil-filtro-de-combustible#primaryimage\"},\"thumbnailUrl\":\"https:\\\/\\\/intralemans.com\\\/wp-content\\\/uploads\\\/2020\\\/08\\\/41-1.png\",\"datePublished\":\"2020-08-24T20:50:15+00:00\",\"dateModified\":\"2023-02-09T20:25:27+00:00\",\"breadcrumb\":{\"@id\":\"https:\\\/\\\/intralemans.com\\\/producto\\\/klinfil-filtro-de-combustible#breadcrumb\"},\"inLanguage\":\"en-US\",\"potentialAction\":[{\"@type\":\"ReadAction\",\"target\":[\"https:\\\/\\\/intralemans.com\\\/producto\\\/klinfil-filtro-de-combustible\"]}]},{\"@type\":\"ImageObject\",\"inLanguage\":\"en-US\",\"@id\":\"https:\\\/\\\/intralemans.com\\\/producto\\\/klinfil-filtro-de-combustible#primaryimage\",\"url\":\"https:\\\/\\\/intralemans.com\\\/wp-content\\\/uploads\\\/2020\\\/08\\\/41-1.png\",\"contentUrl\":\"https:\\\/\\\/intralemans.com\\\/wp-content\\\/uploads\\\/2020\\\/08\\\/41-1.png\",\"width\":800,\"height\":800},{\"@type\":\"BreadcrumbList\",\"@id\":\"https:\\\/\\\/intralemans.com\\\/producto\\\/klinfil-filtro-de-combustible#breadcrumb\",\"itemListElement\":[{\"@type\":\"ListItem\",\"position\":1,\"name\":\"Portada\",\"item\":\"https:\\\/\\\/intralemans.com\\\/\"},{\"@type\":\"ListItem\",\"position\":2,\"name\":\"Productos\",\"item\":\"https:\\\/\\\/intralemans.com\\\/productos\\\/\"},{\"@type\":\"ListItem\",\"position\":3,\"name\":\"KLINFIL Filtro de Combustible\"}]},{\"@type\":\"WebSite\",\"@id\":\"https:\\\/\\\/intralemans.com\\\/#website\",\"url\":\"https:\\\/\\\/intralemans.com\\\/\",\"name\":\"Intra Lemans Industries S.A.\",\"description\":\"Intra Lemans Industries S.A.\",\"publisher\":{\"@id\":\"https:\\\/\\\/intralemans.com\\\/#organization\"},\"potentialAction\":[{\"@type\":\"SearchAction\",\"target\":{\"@type\":\"EntryPoint\",\"urlTemplate\":\"https:\\\/\\\/intralemans.com\\\/?s={search_term_string}\"},\"query-input\":{\"@type\":\"PropertyValueSpecification\",\"valueRequired\":true,\"valueName\":\"search_term_string\"}}],\"inLanguage\":\"en-US\"},{\"@type\":\"Organization\",\"@id\":\"https:\\\/\\\/intralemans.com\\\/#organization\",\"name\":\"Intra Lemans Industries S.A.\",\"url\":\"https:\\\/\\\/intralemans.com\\\/\",\"logo\":{\"@type\":\"ImageObject\",\"inLanguage\":\"en-US\",\"@id\":\"https:\\\/\\\/intralemans.com\\\/#\\\/schema\\\/logo\\\/image\\\/\",\"url\":\"https:\\\/\\\/intralemans.com\\\/wp-content\\\/uploads\\\/2020\\\/08\\\/cropped-Logo-Intra-Lemans-v1.png\",\"contentUrl\":\"https:\\\/\\\/intralemans.com\\\/wp-content\\\/uploads\\\/2020\\\/08\\\/cropped-Logo-Intra-Lemans-v1.png\",\"width\":223,\"height\":112,\"caption\":\"Intra Lemans Industries S.A.\"},\"image\":{\"@id\":\"https:\\\/\\\/intralemans.com\\\/#\\\/schema\\\/logo\\\/image\\\/\"}}]}<\/script>\n<!-- \/ Yoast SEO plugin. -->","yoast_head_json":{"title":"KLINFIL Filtro de Combustible - Intra Lemans Industries S.A.","robots":{"index":"index","follow":"follow","max-snippet":"max-snippet:-1","max-image-preview":"max-image-preview:large","max-video-preview":"max-video-preview:-1"},"canonical":"https:\/\/intralemans.com\/en\/product\/klinfil-filtro-de-combustible\/","og_locale":"en_US","og_type":"article","og_title":"KLINFIL Filtro de Combustible - Intra Lemans Industries S.A.","og_description":"Los filtros de combustible KLINFIL evitan el ingreso de part\u00edculas de suciedad, polvo, humedad, oxido y ceras al sistema de inyecci\u00f3n y combustible de tu veh\u00edculo.","og_url":"https:\/\/intralemans.com\/en\/product\/klinfil-filtro-de-combustible\/","og_site_name":"Intra Lemans Industries S.A.","article_modified_time":"2023-02-09T20:25:27+00:00","og_image":[{"width":800,"height":800,"url":"https:\/\/intralemans.com\/wp-content\/uploads\/2020\/08\/41-1.png","type":"image\/png"}],"twitter_card":"summary_large_image","twitter_misc":{"Est. reading time":"1 minute"},"schema":{"@context":"https:\/\/schema.org","@graph":[{"@type":"WebPage","@id":"https:\/\/intralemans.com\/producto\/klinfil-filtro-de-combustible","url":"https:\/\/intralemans.com\/producto\/klinfil-filtro-de-combustible","name":"KLINFIL Filtro de Combustible - Intra Lemans Industries S.A.","isPartOf":{"@id":"https:\/\/intralemans.com\/#website"},"primaryImageOfPage":{"@id":"https:\/\/intralemans.com\/producto\/klinfil-filtro-de-combustible#primaryimage"},"image":{"@id":"https:\/\/intralemans.com\/producto\/klinfil-filtro-de-combustible#primaryimage"},"thumbnailUrl":"https:\/\/intralemans.com\/wp-content\/uploads\/2020\/08\/41-1.png","datePublished":"2020-08-24T20:50:15+00:00","dateModified":"2023-02-09T20:25:27+00:00","breadcrumb":{"@id":"https:\/\/intralemans.com\/producto\/klinfil-filtro-de-combustible#breadcrumb"},"inLanguage":"en-US","potentialAction":[{"@type":"ReadAction","target":["https:\/\/intralemans.com\/producto\/klinfil-filtro-de-combustible"]}]},{"@type":"ImageObject","inLanguage":"en-US","@id":"https:\/\/intralemans.com\/producto\/klinfil-filtro-de-combustible#primaryimage","url":"https:\/\/intralemans.com\/wp-content\/uploads\/2020\/08\/41-1.png","contentUrl":"https:\/\/intralemans.com\/wp-content\/uploads\/2020\/08\/41-1.png","width":800,"height":800},{"@type":"BreadcrumbList","@id":"https:\/\/intralemans.com\/producto\/klinfil-filtro-de-combustible#breadcrumb","itemListElement":[{"@type":"ListItem","position":1,"name":"Portada","item":"https:\/\/intralemans.com\/"},{"@type":"ListItem","position":2,"name":"Productos","item":"https:\/\/intralemans.com\/productos\/"},{"@type":"ListItem","position":3,"name":"KLINFIL Filtro de Combustible"}]},{"@type":"WebSite","@id":"https:\/\/intralemans.com\/#website","url":"https:\/\/intralemans.com\/","name":"Intra Lemans Industries S.A.","description":"Intra Lemans Industries S.A.","publisher":{"@id":"https:\/\/intralemans.com\/#organization"},"potentialAction":[{"@type":"SearchAction","target":{"@type":"EntryPoint","urlTemplate":"https:\/\/intralemans.com\/?s={search_term_string}"},"query-input":{"@type":"PropertyValueSpecification","valueRequired":true,"valueName":"search_term_string"}}],"inLanguage":"en-US"},{"@type":"Organization","@id":"https:\/\/intralemans.com\/#organization","name":"Intra Lemans Industries S.A.","url":"https:\/\/intralemans.com\/","logo":{"@type":"ImageObject","inLanguage":"en-US","@id":"https:\/\/intralemans.com\/#\/schema\/logo\/image\/","url":"https:\/\/intralemans.com\/wp-content\/uploads\/2020\/08\/cropped-Logo-Intra-Lemans-v1.png","contentUrl":"https:\/\/intralemans.com\/wp-content\/uploads\/2020\/08\/cropped-Logo-Intra-Lemans-v1.png","width":223,"height":112,"caption":"Intra Lemans Industries S.A."},"image":{"@id":"https:\/\/intralemans.com\/#\/schema\/logo\/image\/"}}]}},"_links":{"self":[{"href":"http:\/\/intralemans.com\/en\/wp-json\/wp\/v2\/product\/270","targetHints":{"allow":["GET"]}}],"collection":[{"href":"http:\/\/intralemans.com\/en\/wp-json\/wp\/v2\/product"}],"about":[{"href":"http:\/\/intralemans.com\/en\/wp-json\/wp\/v2\/types\/product"}],"version-history":[{"count":0,"href":"http:\/\/intralemans.com\/en\/wp-json\/wp\/v2\/product\/270\/revisions"}],"wp:featuredmedia":[{"embeddable":true,"href":"http:\/\/intralemans.com\/en\/wp-json\/wp\/v2\/media\/1230"}],"wp:attachment":[{"href":"http:\/\/intralemans.com\/en\/wp-json\/wp\/v2\/media?parent=270"}],"wp:term":[{"taxonomy":"product_brand","embeddable":true,"href":"http:\/\/intralemans.com\/en\/wp-json\/wp\/v2\/product_brand?post=270"},{"taxonomy":"product_cat","embeddable":true,"href":"http:\/\/intralemans.com\/en\/wp-json\/wp\/v2\/product_cat?post=270"},{"taxonomy":"product_tag","embeddable":true,"href":"http:\/\/intralemans.com\/en\/wp-json\/wp\/v2\/product_tag?post=270"}],"curies":[{"name":"wp","href":"https:\/\/api.w.org\/{rel}","templated":true}]}}