{"id":1554,"date":"2024-05-08T17:12:11","date_gmt":"2024-05-08T17:12:11","guid":{"rendered":"https:\/\/intralemans.com\/?post_type=product&#038;p=1554"},"modified":"2024-05-08T19:42:58","modified_gmt":"2024-05-08T19:42:58","slug":"klinkar-air-conditioner-cleaner","status":"publish","type":"product","link":"http:\/\/intralemans.com\/en\/product\/klinkar-air-conditioner-cleaner\/","title":{"rendered":"KLINKAR Air Conditioner Cleaner"},"content":{"rendered":"<p>Espuma de limpieza de m\u00faltiple acci\u00f3n para el sistema de aire acondicionado. Su f\u00f3rmula desinfecta, limpia y protege contra g\u00e9rmenes, bacterias y moho de manera sencilla y efectiva. Al mismo tiempo, elimina los malos olores brindando una fragancia fresca y duradera.<\/p>","protected":false},"excerpt":{"rendered":"<p>Espuma de limpieza de m\u00faltiple acci\u00f3n para el sistema de aire acondicionado. Su f\u00f3rmula desinfecta, limpia y protege contra g\u00e9rmenes, bacterias y moho de manera sencilla y efectiva. Al mismo tiempo, elimina los malos olores brindando una fragancia fresca y duradera.<\/p>","protected":false},"featured_media":1590,"template":"","meta":[],"product_brand":[],"product_cat":[45],"product_tag":[51],"class_list":{"0":"post-1554","1":"product","2":"type-product","3":"status-publish","4":"has-post-thumbnail","6":"product_cat-cuidado-del-carro","7":"product_tag-klinkar","9":"first","10":"instock","11":"shipping-taxable","12":"product-type-simple"},"yoast_head":"<!-- This site is optimized with the Yoast SEO plugin v27.3 - https:\/\/yoast.com\/product\/yoast-seo-wordpress\/ -->\n<title>KLINKAR Air Conditioner Cleaner - Intra Lemans Industries S.A.<\/title>\n<meta name=\"robots\" content=\"index, follow, max-snippet:-1, max-image-preview:large, max-video-preview:-1\" \/>\n<link rel=\"canonical\" href=\"https:\/\/intralemans.com\/en\/product\/klinkar-air-conditioner-cleaner\/\" \/>\n<meta property=\"og:locale\" content=\"en_US\" \/>\n<meta property=\"og:type\" content=\"article\" \/>\n<meta property=\"og:title\" content=\"KLINKAR Air Conditioner Cleaner - Intra Lemans Industries S.A.\" \/>\n<meta property=\"og:description\" content=\"Espuma de limpieza de m\u00faltiple acci\u00f3n para el sistema de aire acondicionado. Su f\u00f3rmula desinfecta, limpia y protege contra g\u00e9rmenes, bacterias y moho de manera sencilla y efectiva. Al mismo tiempo, elimina los malos olores brindando una fragancia fresca y duradera.\" \/>\n<meta property=\"og:url\" content=\"https:\/\/intralemans.com\/en\/product\/klinkar-air-conditioner-cleaner\/\" \/>\n<meta property=\"og:site_name\" content=\"Intra Lemans Industries S.A.\" \/>\n<meta property=\"article:modified_time\" content=\"2024-05-08T19:42:58+00:00\" \/>\n<meta property=\"og:image\" content=\"https:\/\/intralemans.com\/wp-content\/uploads\/2024\/05\/Photoroom_20240508_144111.png\" \/>\n\t<meta property=\"og:image:width\" content=\"600\" \/>\n\t<meta property=\"og:image:height\" content=\"600\" \/>\n\t<meta property=\"og:image:type\" content=\"image\/png\" \/>\n<meta name=\"twitter:card\" content=\"summary_large_image\" \/>\n<meta name=\"twitter:label1\" content=\"Est. reading time\" \/>\n\t<meta name=\"twitter:data1\" content=\"1 minute\" \/>\n<script type=\"application\/ld+json\" class=\"yoast-schema-graph\">{\"@context\":\"https:\\\/\\\/schema.org\",\"@graph\":[{\"@type\":\"WebPage\",\"@id\":\"https:\\\/\\\/intralemans.com\\\/producto\\\/klinkar-air-conditioner-cleaner\",\"url\":\"https:\\\/\\\/intralemans.com\\\/producto\\\/klinkar-air-conditioner-cleaner\",\"name\":\"KLINKAR Air Conditioner Cleaner - Intra Lemans Industries S.A.\",\"isPartOf\":{\"@id\":\"https:\\\/\\\/intralemans.com\\\/#website\"},\"primaryImageOfPage\":{\"@id\":\"https:\\\/\\\/intralemans.com\\\/producto\\\/klinkar-air-conditioner-cleaner#primaryimage\"},\"image\":{\"@id\":\"https:\\\/\\\/intralemans.com\\\/producto\\\/klinkar-air-conditioner-cleaner#primaryimage\"},\"thumbnailUrl\":\"https:\\\/\\\/intralemans.com\\\/wp-content\\\/uploads\\\/2024\\\/05\\\/Photoroom_20240508_144111.png\",\"datePublished\":\"2024-05-08T17:12:11+00:00\",\"dateModified\":\"2024-05-08T19:42:58+00:00\",\"breadcrumb\":{\"@id\":\"https:\\\/\\\/intralemans.com\\\/producto\\\/klinkar-air-conditioner-cleaner#breadcrumb\"},\"inLanguage\":\"en-US\",\"potentialAction\":[{\"@type\":\"ReadAction\",\"target\":[\"https:\\\/\\\/intralemans.com\\\/producto\\\/klinkar-air-conditioner-cleaner\"]}]},{\"@type\":\"ImageObject\",\"inLanguage\":\"en-US\",\"@id\":\"https:\\\/\\\/intralemans.com\\\/producto\\\/klinkar-air-conditioner-cleaner#primaryimage\",\"url\":\"https:\\\/\\\/intralemans.com\\\/wp-content\\\/uploads\\\/2024\\\/05\\\/Photoroom_20240508_144111.png\",\"contentUrl\":\"https:\\\/\\\/intralemans.com\\\/wp-content\\\/uploads\\\/2024\\\/05\\\/Photoroom_20240508_144111.png\",\"width\":600,\"height\":600},{\"@type\":\"BreadcrumbList\",\"@id\":\"https:\\\/\\\/intralemans.com\\\/producto\\\/klinkar-air-conditioner-cleaner#breadcrumb\",\"itemListElement\":[{\"@type\":\"ListItem\",\"position\":1,\"name\":\"Portada\",\"item\":\"https:\\\/\\\/intralemans.com\\\/\"},{\"@type\":\"ListItem\",\"position\":2,\"name\":\"Productos\",\"item\":\"https:\\\/\\\/intralemans.com\\\/productos\\\/\"},{\"@type\":\"ListItem\",\"position\":3,\"name\":\"KLINKAR Air Conditioner Cleaner\"}]},{\"@type\":\"WebSite\",\"@id\":\"https:\\\/\\\/intralemans.com\\\/#website\",\"url\":\"https:\\\/\\\/intralemans.com\\\/\",\"name\":\"Intra Lemans Industries S.A.\",\"description\":\"Intra Lemans Industries S.A.\",\"publisher\":{\"@id\":\"https:\\\/\\\/intralemans.com\\\/#organization\"},\"potentialAction\":[{\"@type\":\"SearchAction\",\"target\":{\"@type\":\"EntryPoint\",\"urlTemplate\":\"https:\\\/\\\/intralemans.com\\\/?s={search_term_string}\"},\"query-input\":{\"@type\":\"PropertyValueSpecification\",\"valueRequired\":true,\"valueName\":\"search_term_string\"}}],\"inLanguage\":\"en-US\"},{\"@type\":\"Organization\",\"@id\":\"https:\\\/\\\/intralemans.com\\\/#organization\",\"name\":\"Intra Lemans Industries S.A.\",\"url\":\"https:\\\/\\\/intralemans.com\\\/\",\"logo\":{\"@type\":\"ImageObject\",\"inLanguage\":\"en-US\",\"@id\":\"https:\\\/\\\/intralemans.com\\\/#\\\/schema\\\/logo\\\/image\\\/\",\"url\":\"https:\\\/\\\/intralemans.com\\\/wp-content\\\/uploads\\\/2020\\\/08\\\/cropped-Logo-Intra-Lemans-v1.png\",\"contentUrl\":\"https:\\\/\\\/intralemans.com\\\/wp-content\\\/uploads\\\/2020\\\/08\\\/cropped-Logo-Intra-Lemans-v1.png\",\"width\":223,\"height\":112,\"caption\":\"Intra Lemans Industries S.A.\"},\"image\":{\"@id\":\"https:\\\/\\\/intralemans.com\\\/#\\\/schema\\\/logo\\\/image\\\/\"}}]}<\/script>\n<!-- \/ Yoast SEO plugin. -->","yoast_head_json":{"title":"KLINKAR Air Conditioner Cleaner - Intra Lemans Industries S.A.","robots":{"index":"index","follow":"follow","max-snippet":"max-snippet:-1","max-image-preview":"max-image-preview:large","max-video-preview":"max-video-preview:-1"},"canonical":"https:\/\/intralemans.com\/en\/product\/klinkar-air-conditioner-cleaner\/","og_locale":"en_US","og_type":"article","og_title":"KLINKAR Air Conditioner Cleaner - Intra Lemans Industries S.A.","og_description":"Espuma de limpieza de m\u00faltiple acci\u00f3n para el sistema de aire acondicionado. Su f\u00f3rmula desinfecta, limpia y protege contra g\u00e9rmenes, bacterias y moho de manera sencilla y efectiva. Al mismo tiempo, elimina los malos olores brindando una fragancia fresca y duradera.","og_url":"https:\/\/intralemans.com\/en\/product\/klinkar-air-conditioner-cleaner\/","og_site_name":"Intra Lemans Industries S.A.","article_modified_time":"2024-05-08T19:42:58+00:00","og_image":[{"width":600,"height":600,"url":"https:\/\/intralemans.com\/wp-content\/uploads\/2024\/05\/Photoroom_20240508_144111.png","type":"image\/png"}],"twitter_card":"summary_large_image","twitter_misc":{"Est. reading time":"1 minute"},"schema":{"@context":"https:\/\/schema.org","@graph":[{"@type":"WebPage","@id":"https:\/\/intralemans.com\/producto\/klinkar-air-conditioner-cleaner","url":"https:\/\/intralemans.com\/producto\/klinkar-air-conditioner-cleaner","name":"KLINKAR Air Conditioner Cleaner - Intra Lemans Industries S.A.","isPartOf":{"@id":"https:\/\/intralemans.com\/#website"},"primaryImageOfPage":{"@id":"https:\/\/intralemans.com\/producto\/klinkar-air-conditioner-cleaner#primaryimage"},"image":{"@id":"https:\/\/intralemans.com\/producto\/klinkar-air-conditioner-cleaner#primaryimage"},"thumbnailUrl":"https:\/\/intralemans.com\/wp-content\/uploads\/2024\/05\/Photoroom_20240508_144111.png","datePublished":"2024-05-08T17:12:11+00:00","dateModified":"2024-05-08T19:42:58+00:00","breadcrumb":{"@id":"https:\/\/intralemans.com\/producto\/klinkar-air-conditioner-cleaner#breadcrumb"},"inLanguage":"en-US","potentialAction":[{"@type":"ReadAction","target":["https:\/\/intralemans.com\/producto\/klinkar-air-conditioner-cleaner"]}]},{"@type":"ImageObject","inLanguage":"en-US","@id":"https:\/\/intralemans.com\/producto\/klinkar-air-conditioner-cleaner#primaryimage","url":"https:\/\/intralemans.com\/wp-content\/uploads\/2024\/05\/Photoroom_20240508_144111.png","contentUrl":"https:\/\/intralemans.com\/wp-content\/uploads\/2024\/05\/Photoroom_20240508_144111.png","width":600,"height":600},{"@type":"BreadcrumbList","@id":"https:\/\/intralemans.com\/producto\/klinkar-air-conditioner-cleaner#breadcrumb","itemListElement":[{"@type":"ListItem","position":1,"name":"Portada","item":"https:\/\/intralemans.com\/"},{"@type":"ListItem","position":2,"name":"Productos","item":"https:\/\/intralemans.com\/productos\/"},{"@type":"ListItem","position":3,"name":"KLINKAR Air Conditioner Cleaner"}]},{"@type":"WebSite","@id":"https:\/\/intralemans.com\/#website","url":"https:\/\/intralemans.com\/","name":"Intra Lemans Industries S.A.","description":"Intra Lemans Industries S.A.","publisher":{"@id":"https:\/\/intralemans.com\/#organization"},"potentialAction":[{"@type":"SearchAction","target":{"@type":"EntryPoint","urlTemplate":"https:\/\/intralemans.com\/?s={search_term_string}"},"query-input":{"@type":"PropertyValueSpecification","valueRequired":true,"valueName":"search_term_string"}}],"inLanguage":"en-US"},{"@type":"Organization","@id":"https:\/\/intralemans.com\/#organization","name":"Intra Lemans Industries S.A.","url":"https:\/\/intralemans.com\/","logo":{"@type":"ImageObject","inLanguage":"en-US","@id":"https:\/\/intralemans.com\/#\/schema\/logo\/image\/","url":"https:\/\/intralemans.com\/wp-content\/uploads\/2020\/08\/cropped-Logo-Intra-Lemans-v1.png","contentUrl":"https:\/\/intralemans.com\/wp-content\/uploads\/2020\/08\/cropped-Logo-Intra-Lemans-v1.png","width":223,"height":112,"caption":"Intra Lemans Industries S.A."},"image":{"@id":"https:\/\/intralemans.com\/#\/schema\/logo\/image\/"}}]}},"_links":{"self":[{"href":"http:\/\/intralemans.com\/en\/wp-json\/wp\/v2\/product\/1554","targetHints":{"allow":["GET"]}}],"collection":[{"href":"http:\/\/intralemans.com\/en\/wp-json\/wp\/v2\/product"}],"about":[{"href":"http:\/\/intralemans.com\/en\/wp-json\/wp\/v2\/types\/product"}],"version-history":[{"count":0,"href":"http:\/\/intralemans.com\/en\/wp-json\/wp\/v2\/product\/1554\/revisions"}],"wp:featuredmedia":[{"embeddable":true,"href":"http:\/\/intralemans.com\/en\/wp-json\/wp\/v2\/media\/1590"}],"wp:attachment":[{"href":"http:\/\/intralemans.com\/en\/wp-json\/wp\/v2\/media?parent=1554"}],"wp:term":[{"taxonomy":"product_brand","embeddable":true,"href":"http:\/\/intralemans.com\/en\/wp-json\/wp\/v2\/product_brand?post=1554"},{"taxonomy":"product_cat","embeddable":true,"href":"http:\/\/intralemans.com\/en\/wp-json\/wp\/v2\/product_cat?post=1554"},{"taxonomy":"product_tag","embeddable":true,"href":"http:\/\/intralemans.com\/en\/wp-json\/wp\/v2\/product_tag?post=1554"}],"curies":[{"name":"wp","href":"https:\/\/api.w.org\/{rel}","templated":true}]}}